{"id":999,"date":"2025-10-29T22:19:58","date_gmt":"2025-10-29T20:19:58","guid":{"rendered":"https:\/\/www.latelierdesmerveilles.be\/?post_type=product&#038;p=999"},"modified":"2025-10-29T22:19:58","modified_gmt":"2025-10-29T20:19:58","slug":"verre-de-noel","status":"publish","type":"product","link":"https:\/\/www.latelierdesmerveilles.be\/?product=verre-de-noel","title":{"rendered":"Verre De No\u00ebl"},"content":{"rendered":"<p>Plongez dans l\u2019ambiance chaleureuse de No\u00ebl avec ce magnifique verre \u00e0 paille orn\u00e9 d\u2019une d\u00e9licate guirlande de f\u00eate. Chaque d\u00e9tail \u00e9voque la magie des d\u00e9corations hivernales et transforme chaque boisson en un vrai moment de convivialit\u00e9. Id\u00e9al pour les soir\u00e9es de No\u00ebl, les march\u00e9s ou les petits-d\u00e9jeuners en famille, ce verre est \u00e0 la fois pratique, r\u00e9utilisable et plein de charme. Ajoutez une touche lumineuse \u00e0 vos boissons et laissez la guirlande de No\u00ebl illuminer vos moments gourmands !<\/p>\n","protected":false},"excerpt":{"rendered":"<p>Apportez la magie des f\u00eates \u00e0 vos boissons avec ce verre \u00e0 paille d\u00e9cor\u00e9 d\u2019une jolie guirlande de No\u00ebl scintillante ! Parfait pour vos chocolats chauds, jus ou cocktails festifs.<\/p>\n","protected":false},"featured_media":1000,"comment_status":"open","ping_status":"closed","template":"","meta":[],"product_brand":[],"product_cat":[60],"product_tag":[],"class_list":{"0":"post-999","1":"product","2":"type-product","3":"status-publish","4":"has-post-thumbnail","6":"product_cat-verre-avec-paille","8":"first","9":"instock","10":"taxable","11":"shipping-taxable","12":"purchasable","13":"product-type-simple"},"_links":{"self":[{"href":"https:\/\/www.latelierdesmerveilles.be\/index.php?rest_route=\/wp\/v2\/product\/999","targetHints":{"allow":["GET"]}}],"collection":[{"href":"https:\/\/www.latelierdesmerveilles.be\/index.php?rest_route=\/wp\/v2\/product"}],"about":[{"href":"https:\/\/www.latelierdesmerveilles.be\/index.php?rest_route=\/wp\/v2\/types\/product"}],"replies":[{"embeddable":true,"href":"https:\/\/www.latelierdesmerveilles.be\/index.php?rest_route=%2Fwp%2Fv2%2Fcomments&post=999"}],"wp:featuredmedia":[{"embeddable":true,"href":"https:\/\/www.latelierdesmerveilles.be\/index.php?rest_route=\/wp\/v2\/media\/1000"}],"wp:attachment":[{"href":"https:\/\/www.latelierdesmerveilles.be\/index.php?rest_route=%2Fwp%2Fv2%2Fmedia&parent=999"}],"wp:term":[{"taxonomy":"product_brand","embeddable":true,"href":"https:\/\/www.latelierdesmerveilles.be\/index.php?rest_route=%2Fwp%2Fv2%2Fproduct_brand&post=999"},{"taxonomy":"product_cat","embeddable":true,"href":"https:\/\/www.latelierdesmerveilles.be\/index.php?rest_route=%2Fwp%2Fv2%2Fproduct_cat&post=999"},{"taxonomy":"product_tag","embeddable":true,"href":"https:\/\/www.latelierdesmerveilles.be\/index.php?rest_route=%2Fwp%2Fv2%2Fproduct_tag&post=999"}],"curies":[{"name":"wp","href":"https:\/\/api.w.org\/{rel}","templated":true}]}}