{"id":995,"date":"2025-10-29T22:12:40","date_gmt":"2025-10-29T20:12:40","guid":{"rendered":"https:\/\/www.latelierdesmerveilles.be\/?post_type=product&#038;p=995"},"modified":"2025-10-29T22:12:40","modified_gmt":"2025-10-29T20:12:40","slug":"verre-de-noel-ho","status":"publish","type":"product","link":"https:\/\/www.latelierdesmerveilles.be\/?product=verre-de-noel-ho","title":{"rendered":"Verre De No\u00ebl Ho"},"content":{"rendered":"<p>Plongez dans l\u2019ambiance chaleureuse des f\u00eates avec ce superbe verre d\u00e9cor\u00e9 sur le th\u00e8me \u00ab\u00a0Ho Ho\u00a0\u00bb, symbole de la bonne humeur du P\u00e8re No\u00ebl ! Son design festif et joyeux en fait un incontournable pour vos repas, go\u00fbters ou soir\u00e9es de fin d\u2019ann\u00e9e.<br \/>\nAccompagn\u00e9 d\u2019une paille assortie, ce verre allie praticit\u00e9 et esprit de No\u00ebl. Id\u00e9al pour siroter un chocolat chaud, un jus fruit\u00e9 ou un cocktail festif, il apporte une touche de magie et de convivialit\u00e9 \u00e0 chaque gorg\u00e9e.<br \/>\nUn petit d\u00e9tail qui fait toute la diff\u00e9rence sur votre table de No\u00ebl ou comme cadeau original pour vos proches ! <\/p>\n","protected":false},"excerpt":{"rendered":"<p>Apportez la magie de No\u00ebl \u00e0 votre table avec ce verre \u00ab\u00a0Ho Ho\u00a0\u00bb festif, accompagn\u00e9 de sa paille assortie \u2014 parfait pour vos boissons chaudes ou froides pendant les f\u00eates !<\/p>\n","protected":false},"featured_media":996,"comment_status":"open","ping_status":"closed","template":"","meta":[],"product_brand":[],"product_cat":[60],"product_tag":[],"class_list":{"0":"post-995","1":"product","2":"type-product","3":"status-publish","4":"has-post-thumbnail","6":"product_cat-verre-avec-paille","8":"first","9":"instock","10":"taxable","11":"shipping-taxable","12":"purchasable","13":"product-type-simple"},"_links":{"self":[{"href":"https:\/\/www.latelierdesmerveilles.be\/index.php?rest_route=\/wp\/v2\/product\/995","targetHints":{"allow":["GET"]}}],"collection":[{"href":"https:\/\/www.latelierdesmerveilles.be\/index.php?rest_route=\/wp\/v2\/product"}],"about":[{"href":"https:\/\/www.latelierdesmerveilles.be\/index.php?rest_route=\/wp\/v2\/types\/product"}],"replies":[{"embeddable":true,"href":"https:\/\/www.latelierdesmerveilles.be\/index.php?rest_route=%2Fwp%2Fv2%2Fcomments&post=995"}],"wp:featuredmedia":[{"embeddable":true,"href":"https:\/\/www.latelierdesmerveilles.be\/index.php?rest_route=\/wp\/v2\/media\/996"}],"wp:attachment":[{"href":"https:\/\/www.latelierdesmerveilles.be\/index.php?rest_route=%2Fwp%2Fv2%2Fmedia&parent=995"}],"wp:term":[{"taxonomy":"product_brand","embeddable":true,"href":"https:\/\/www.latelierdesmerveilles.be\/index.php?rest_route=%2Fwp%2Fv2%2Fproduct_brand&post=995"},{"taxonomy":"product_cat","embeddable":true,"href":"https:\/\/www.latelierdesmerveilles.be\/index.php?rest_route=%2Fwp%2Fv2%2Fproduct_cat&post=995"},{"taxonomy":"product_tag","embeddable":true,"href":"https:\/\/www.latelierdesmerveilles.be\/index.php?rest_route=%2Fwp%2Fv2%2Fproduct_tag&post=995"}],"curies":[{"name":"wp","href":"https:\/\/api.w.org\/{rel}","templated":true}]}}