{"id":990,"date":"2025-10-29T22:04:28","date_gmt":"2025-10-29T20:04:28","guid":{"rendered":"https:\/\/www.latelierdesmerveilles.be\/?post_type=product&#038;p=990"},"modified":"2025-10-29T22:04:29","modified_gmt":"2025-10-29T20:04:29","slug":"verre-de-noel-cerf","status":"publish","type":"product","link":"https:\/\/www.latelierdesmerveilles.be\/?product=verre-de-noel-cerf","title":{"rendered":"Verre de No\u00ebl Cerf"},"content":{"rendered":"<p>Plongez dans la magie des f\u00eates avec ce superbe verre \u00e0 paille sur le th\u00e8me de No\u00ebl, orn\u00e9 de d\u00e9licats cerfs et motifs hivernaux. Id\u00e9al pour siroter vos boissons chaudes ou froides, il ajoutera une note chaleureuse et festive \u00e0 vos repas ou \u00e0 votre table de f\u00eate.<br \/>\nPratique, r\u00e9utilisable et plein de charme, ce verre est le compagnon parfait pour vos soir\u00e9es cocooning, vos march\u00e9s de No\u00ebl ou vos cadeaux personnalis\u00e9s.<\/p>\n","protected":false},"excerpt":{"rendered":"<p>Apportez une touche f\u00e9erique \u00e0 vos boissons avec ce verre \u00e0 paille d\u00e9cor\u00e9 de jolis cerfs de No\u00ebl, parfait pour vos f\u00eates de fin d\u2019ann\u00e9e.<\/p>\n","protected":false},"featured_media":991,"comment_status":"open","ping_status":"closed","template":"","meta":[],"product_brand":[],"product_cat":[60],"product_tag":[],"class_list":{"0":"post-990","1":"product","2":"type-product","3":"status-publish","4":"has-post-thumbnail","6":"product_cat-verre-avec-paille","8":"first","9":"instock","10":"taxable","11":"shipping-taxable","12":"purchasable","13":"product-type-simple"},"_links":{"self":[{"href":"https:\/\/www.latelierdesmerveilles.be\/index.php?rest_route=\/wp\/v2\/product\/990","targetHints":{"allow":["GET"]}}],"collection":[{"href":"https:\/\/www.latelierdesmerveilles.be\/index.php?rest_route=\/wp\/v2\/product"}],"about":[{"href":"https:\/\/www.latelierdesmerveilles.be\/index.php?rest_route=\/wp\/v2\/types\/product"}],"replies":[{"embeddable":true,"href":"https:\/\/www.latelierdesmerveilles.be\/index.php?rest_route=%2Fwp%2Fv2%2Fcomments&post=990"}],"wp:featuredmedia":[{"embeddable":true,"href":"https:\/\/www.latelierdesmerveilles.be\/index.php?rest_route=\/wp\/v2\/media\/991"}],"wp:attachment":[{"href":"https:\/\/www.latelierdesmerveilles.be\/index.php?rest_route=%2Fwp%2Fv2%2Fmedia&parent=990"}],"wp:term":[{"taxonomy":"product_brand","embeddable":true,"href":"https:\/\/www.latelierdesmerveilles.be\/index.php?rest_route=%2Fwp%2Fv2%2Fproduct_brand&post=990"},{"taxonomy":"product_cat","embeddable":true,"href":"https:\/\/www.latelierdesmerveilles.be\/index.php?rest_route=%2Fwp%2Fv2%2Fproduct_cat&post=990"},{"taxonomy":"product_tag","embeddable":true,"href":"https:\/\/www.latelierdesmerveilles.be\/index.php?rest_route=%2Fwp%2Fv2%2Fproduct_tag&post=990"}],"curies":[{"name":"wp","href":"https:\/\/api.w.org\/{rel}","templated":true}]}}