{"id":986,"date":"2025-10-29T21:58:02","date_gmt":"2025-10-29T19:58:02","guid":{"rendered":"https:\/\/www.latelierdesmerveilles.be\/?post_type=product&#038;p=986"},"modified":"2025-10-29T21:58:02","modified_gmt":"2025-10-29T19:58:02","slug":"verre-en-plastique-nemo","status":"publish","type":"product","link":"https:\/\/www.latelierdesmerveilles.be\/?product=verre-en-plastique-nemo","title":{"rendered":"Verre en plastique Nemo"},"content":{"rendered":"<p>Ce verre avec paille sur le th\u00e8me du Monde de Nemo apporte une touche d\u2019oc\u00e9an \u00e0 chaque gorg\u00e9e ! D\u00e9cor\u00e9 de motifs inspir\u00e9s du c\u00e9l\u00e8bre film d\u2019animation, il s\u00e9duit autant les enfants que les adultes nostalgiques. L\u00e9ger, pratique et r\u00e9utilisable, il est id\u00e9al pour les boissons fra\u00eeches \u00e0 la maison, \u00e0 l\u2019\u00e9cole ou en sortie.<\/p>\n<p>Fabriqu\u00e9 avec des mat\u00e9riaux r\u00e9sistants et faciles \u00e0 nettoyer, ce verre combine plaisir, praticit\u00e9 et \u00e9cologie. Un indispensable pour des moments de d\u00e9tente pleins de bonne humeur !<\/p>\n","protected":false},"excerpt":{"rendered":"<p>Plonge dans l\u2019univers color\u00e9 du monde de Nemo avec ce verre r\u00e9utilisable et sa paille assortie ! Parfait pour les petits aventuriers et les fans de Disney.<\/p>\n","protected":false},"featured_media":987,"comment_status":"open","ping_status":"closed","template":"","meta":[],"product_brand":[],"product_cat":[60],"product_tag":[],"class_list":{"0":"post-986","1":"product","2":"type-product","3":"status-publish","4":"has-post-thumbnail","6":"product_cat-verre-avec-paille","8":"first","9":"instock","10":"taxable","11":"shipping-taxable","12":"purchasable","13":"product-type-simple"},"_links":{"self":[{"href":"https:\/\/www.latelierdesmerveilles.be\/index.php?rest_route=\/wp\/v2\/product\/986","targetHints":{"allow":["GET"]}}],"collection":[{"href":"https:\/\/www.latelierdesmerveilles.be\/index.php?rest_route=\/wp\/v2\/product"}],"about":[{"href":"https:\/\/www.latelierdesmerveilles.be\/index.php?rest_route=\/wp\/v2\/types\/product"}],"replies":[{"embeddable":true,"href":"https:\/\/www.latelierdesmerveilles.be\/index.php?rest_route=%2Fwp%2Fv2%2Fcomments&post=986"}],"wp:featuredmedia":[{"embeddable":true,"href":"https:\/\/www.latelierdesmerveilles.be\/index.php?rest_route=\/wp\/v2\/media\/987"}],"wp:attachment":[{"href":"https:\/\/www.latelierdesmerveilles.be\/index.php?rest_route=%2Fwp%2Fv2%2Fmedia&parent=986"}],"wp:term":[{"taxonomy":"product_brand","embeddable":true,"href":"https:\/\/www.latelierdesmerveilles.be\/index.php?rest_route=%2Fwp%2Fv2%2Fproduct_brand&post=986"},{"taxonomy":"product_cat","embeddable":true,"href":"https:\/\/www.latelierdesmerveilles.be\/index.php?rest_route=%2Fwp%2Fv2%2Fproduct_cat&post=986"},{"taxonomy":"product_tag","embeddable":true,"href":"https:\/\/www.latelierdesmerveilles.be\/index.php?rest_route=%2Fwp%2Fv2%2Fproduct_tag&post=986"}],"curies":[{"name":"wp","href":"https:\/\/api.w.org\/{rel}","templated":true}]}}