{"id":955,"date":"2025-10-28T15:37:52","date_gmt":"2025-10-28T13:37:52","guid":{"rendered":"https:\/\/www.latelierdesmerveilles.be\/?post_type=product&#038;p=955"},"modified":"2025-10-28T16:04:12","modified_gmt":"2025-10-28T14:04:12","slug":"magnet-personnalisable-5cm-x-5cm","status":"publish","type":"product","link":"https:\/\/www.latelierdesmerveilles.be\/?product=magnet-personnalisable-5cm-x-5cm","title":{"rendered":"Magnet personnalisable (5cm x 5cm)"},"content":{"rendered":"<p>Immortalisez vos plus beaux souvenirs avec nos magnets photo personnalisables. Ajoutez vos images pr\u00e9f\u00e9r\u00e9es pour cr\u00e9er un objet \u00e0 la fois d\u00e9coratif et charg\u00e9 d\u2019\u00e9motion. Id\u00e9al pour le frigo, le bureau ou en cadeau, chaque magnet est imprim\u00e9 avec soin pour une finition \u00e9clatante et durable.<br \/>\nUn petit format plein de charme pour revivre vos moments pr\u00e9cieux au quotidien.<\/p>\n","protected":false},"excerpt":{"rendered":"<p>Des magnets personnalisables avec vos photos pr\u00e9f\u00e9r\u00e9es \u2014 un souvenir unique \u00e0 coller sur le frigo ou \u00e0 offrir !<\/p>\n","protected":false},"featured_media":956,"comment_status":"open","ping_status":"closed","template":"","meta":[],"product_brand":[],"product_cat":[94],"product_tag":[],"class_list":{"0":"post-955","1":"product","2":"type-product","3":"status-publish","4":"has-post-thumbnail","6":"product_cat-produits-personnalisables","8":"first","9":"instock","10":"taxable","11":"shipping-taxable","12":"purchasable","13":"product-type-simple"},"_links":{"self":[{"href":"https:\/\/www.latelierdesmerveilles.be\/index.php?rest_route=\/wp\/v2\/product\/955","targetHints":{"allow":["GET"]}}],"collection":[{"href":"https:\/\/www.latelierdesmerveilles.be\/index.php?rest_route=\/wp\/v2\/product"}],"about":[{"href":"https:\/\/www.latelierdesmerveilles.be\/index.php?rest_route=\/wp\/v2\/types\/product"}],"replies":[{"embeddable":true,"href":"https:\/\/www.latelierdesmerveilles.be\/index.php?rest_route=%2Fwp%2Fv2%2Fcomments&post=955"}],"wp:featuredmedia":[{"embeddable":true,"href":"https:\/\/www.latelierdesmerveilles.be\/index.php?rest_route=\/wp\/v2\/media\/956"}],"wp:attachment":[{"href":"https:\/\/www.latelierdesmerveilles.be\/index.php?rest_route=%2Fwp%2Fv2%2Fmedia&parent=955"}],"wp:term":[{"taxonomy":"product_brand","embeddable":true,"href":"https:\/\/www.latelierdesmerveilles.be\/index.php?rest_route=%2Fwp%2Fv2%2Fproduct_brand&post=955"},{"taxonomy":"product_cat","embeddable":true,"href":"https:\/\/www.latelierdesmerveilles.be\/index.php?rest_route=%2Fwp%2Fv2%2Fproduct_cat&post=955"},{"taxonomy":"product_tag","embeddable":true,"href":"https:\/\/www.latelierdesmerveilles.be\/index.php?rest_route=%2Fwp%2Fv2%2Fproduct_tag&post=955"}],"curies":[{"name":"wp","href":"https:\/\/api.w.org\/{rel}","templated":true}]}}