{"id":940,"date":"2025-10-28T14:41:50","date_gmt":"2025-10-28T12:41:50","guid":{"rendered":"https:\/\/www.latelierdesmerveilles.be\/?post_type=product&#038;p=940"},"modified":"2025-10-28T14:44:13","modified_gmt":"2025-10-28T12:44:13","slug":"body-blanc-super-baby","status":"publish","type":"product","link":"https:\/\/www.latelierdesmerveilles.be\/?product=body-blanc-super-baby","title":{"rendered":"Body blanc \u00ab\u00a0Super Baby\u00a0\u00bb"},"content":{"rendered":"<p>Ce body blanc \u00e0 manches longues allie douceur et praticit\u00e9 pour accompagner b\u00e9b\u00e9 dans toutes ses aventures. Con\u00e7u en coton agr\u00e9able \u00e0 porter, il prot\u00e8ge efficacement du froid tout en laissant la peau respirer. Gr\u00e2ce \u00e0 ses boutons-pression \u00e0 l\u2019entrejambe, l\u2019habillage et le change se font en toute simplicit\u00e9.<br \/>\nUn essentiel du dressing de b\u00e9b\u00e9, id\u00e9al seul ou sous une tenue, pour un confort absolu jour apr\u00e8s jour.<\/p>\n","protected":false},"excerpt":{"rendered":"<p>Body blanc \u00e0 manches longues, doux et confortable, parfait pour garder b\u00e9b\u00e9 bien au chaud au quotidien.<\/p>\n","protected":false},"featured_media":941,"comment_status":"open","ping_status":"closed","template":"","meta":[],"product_brand":[],"product_cat":[39,41,40],"product_tag":[],"class_list":{"0":"post-940","1":"product","2":"type-product","3":"status-publish","4":"has-post-thumbnail","6":"product_cat-bebes","7":"product_cat-bodys","8":"product_cat-naissance-bebes","10":"first","11":"instock","12":"taxable","13":"shipping-taxable","14":"purchasable","15":"product-type-simple"},"_links":{"self":[{"href":"https:\/\/www.latelierdesmerveilles.be\/index.php?rest_route=\/wp\/v2\/product\/940","targetHints":{"allow":["GET"]}}],"collection":[{"href":"https:\/\/www.latelierdesmerveilles.be\/index.php?rest_route=\/wp\/v2\/product"}],"about":[{"href":"https:\/\/www.latelierdesmerveilles.be\/index.php?rest_route=\/wp\/v2\/types\/product"}],"replies":[{"embeddable":true,"href":"https:\/\/www.latelierdesmerveilles.be\/index.php?rest_route=%2Fwp%2Fv2%2Fcomments&post=940"}],"wp:featuredmedia":[{"embeddable":true,"href":"https:\/\/www.latelierdesmerveilles.be\/index.php?rest_route=\/wp\/v2\/media\/941"}],"wp:attachment":[{"href":"https:\/\/www.latelierdesmerveilles.be\/index.php?rest_route=%2Fwp%2Fv2%2Fmedia&parent=940"}],"wp:term":[{"taxonomy":"product_brand","embeddable":true,"href":"https:\/\/www.latelierdesmerveilles.be\/index.php?rest_route=%2Fwp%2Fv2%2Fproduct_brand&post=940"},{"taxonomy":"product_cat","embeddable":true,"href":"https:\/\/www.latelierdesmerveilles.be\/index.php?rest_route=%2Fwp%2Fv2%2Fproduct_cat&post=940"},{"taxonomy":"product_tag","embeddable":true,"href":"https:\/\/www.latelierdesmerveilles.be\/index.php?rest_route=%2Fwp%2Fv2%2Fproduct_tag&post=940"}],"curies":[{"name":"wp","href":"https:\/\/api.w.org\/{rel}","templated":true}]}}