{"id":811,"date":"2025-10-24T15:34:07","date_gmt":"2025-10-24T13:34:07","guid":{"rendered":"https:\/\/www.latelierdesmerveilles.be\/?post_type=product&#038;p=811"},"modified":"2025-10-24T15:35:31","modified_gmt":"2025-10-24T13:35:31","slug":"bavoir-blanc-on-laisse-pas-bebe-dans-un-coin","status":"publish","type":"product","link":"https:\/\/www.latelierdesmerveilles.be\/?product=bavoir-blanc-on-laisse-pas-bebe-dans-un-coin","title":{"rendered":"Bavoir blanc \u00ab\u00a0On laisse pas b\u00e9b\u00e9 dans un coin\u00a0\u00bb"},"content":{"rendered":"<p>Fabriqu\u00e9 dans un tissu absorbant et agr\u00e9able au toucher, ce bavoir prot\u00e8ge efficacement les v\u00eatements de b\u00e9b\u00e9 lors des repas ou des pouss\u00e9es dentaires. Facile \u00e0 attacher et \u00e0 entretenir, il allie confort et simplicit\u00e9. Son design sobre et \u00e9l\u00e9gant en fait un accessoire parfait pour toutes les tenues et toutes les occasions. Un essentiel \u00e0 avoir toujours sous la main pour garder b\u00e9b\u00e9 propre et confortable.<\/p>\n","protected":false},"excerpt":{"rendered":"<p>Bavoir blanc pour b\u00e9b\u00e9 \u2013 Doux, absorbant et facile \u00e0 entretenir, l\u2019alli\u00e9 id\u00e9al pour garder b\u00e9b\u00e9 propre en toute occasion.<\/p>\n","protected":false},"featured_media":812,"comment_status":"open","ping_status":"closed","template":"","meta":[],"product_brand":[],"product_cat":[68,39,40],"product_tag":[],"class_list":{"0":"post-811","1":"product","2":"type-product","3":"status-publish","4":"has-post-thumbnail","6":"product_cat-bavoirs","7":"product_cat-bebes","8":"product_cat-naissance-bebes","10":"first","11":"instock","12":"taxable","13":"shipping-taxable","14":"purchasable","15":"product-type-simple"},"_links":{"self":[{"href":"https:\/\/www.latelierdesmerveilles.be\/index.php?rest_route=\/wp\/v2\/product\/811","targetHints":{"allow":["GET"]}}],"collection":[{"href":"https:\/\/www.latelierdesmerveilles.be\/index.php?rest_route=\/wp\/v2\/product"}],"about":[{"href":"https:\/\/www.latelierdesmerveilles.be\/index.php?rest_route=\/wp\/v2\/types\/product"}],"replies":[{"embeddable":true,"href":"https:\/\/www.latelierdesmerveilles.be\/index.php?rest_route=%2Fwp%2Fv2%2Fcomments&post=811"}],"wp:featuredmedia":[{"embeddable":true,"href":"https:\/\/www.latelierdesmerveilles.be\/index.php?rest_route=\/wp\/v2\/media\/812"}],"wp:attachment":[{"href":"https:\/\/www.latelierdesmerveilles.be\/index.php?rest_route=%2Fwp%2Fv2%2Fmedia&parent=811"}],"wp:term":[{"taxonomy":"product_brand","embeddable":true,"href":"https:\/\/www.latelierdesmerveilles.be\/index.php?rest_route=%2Fwp%2Fv2%2Fproduct_brand&post=811"},{"taxonomy":"product_cat","embeddable":true,"href":"https:\/\/www.latelierdesmerveilles.be\/index.php?rest_route=%2Fwp%2Fv2%2Fproduct_cat&post=811"},{"taxonomy":"product_tag","embeddable":true,"href":"https:\/\/www.latelierdesmerveilles.be\/index.php?rest_route=%2Fwp%2Fv2%2Fproduct_tag&post=811"}],"curies":[{"name":"wp","href":"https:\/\/api.w.org\/{rel}","templated":true}]}}