{"id":802,"date":"2025-10-24T15:01:14","date_gmt":"2025-10-24T13:01:14","guid":{"rendered":"https:\/\/www.latelierdesmerveilles.be\/?post_type=product&#038;p=802"},"modified":"2025-10-28T16:04:35","modified_gmt":"2025-10-28T14:04:35","slug":"body-personnalisable","status":"publish","type":"product","link":"https:\/\/www.latelierdesmerveilles.be\/?product=body-personnalisable","title":{"rendered":"Body personnalisable"},"content":{"rendered":"<p>Offrez \u00e0 votre b\u00e9b\u00e9 un look unique avec notre body \u00e0 manches courtes personnalisable. Confectionn\u00e9 dans une mati\u00e8re douce et respirante, il assure un confort optimal tout au long de la journ\u00e9e. Personnalisez-le avec le pr\u00e9nom de votre enfant pour en faire une pi\u00e8ce pleine de tendresse et d\u2019originalit\u00e9. Pratique avec ses boutons-pression, ce body est id\u00e9al pour les premiers mois et s\u2019adapte \u00e0 toutes les saisons. Un essentiel du trousseau de naissance, \u00e0 la fois confortable, mignon et unique.<\/p>\n","protected":false},"excerpt":{"rendered":"<p>Body \u00e0 manches courtes personnalisable \u2013 confortable, doux et unique gr\u00e2ce \u00e0 la personnalisation du pr\u00e9nom de votre b\u00e9b\u00e9. Parfait pour allier style et confort au quotidien.<\/p>\n","protected":false},"featured_media":804,"comment_status":"open","ping_status":"closed","template":"","meta":[],"product_brand":[],"product_cat":[94,39,41,40],"product_tag":[],"class_list":{"0":"post-802","1":"product","2":"type-product","3":"status-publish","4":"has-post-thumbnail","6":"product_cat-produits-personnalisables","7":"product_cat-bebes","8":"product_cat-bodys","9":"product_cat-naissance-bebes","11":"first","12":"instock","13":"taxable","14":"shipping-taxable","15":"purchasable","16":"product-type-variable"},"_links":{"self":[{"href":"https:\/\/www.latelierdesmerveilles.be\/index.php?rest_route=\/wp\/v2\/product\/802","targetHints":{"allow":["GET"]}}],"collection":[{"href":"https:\/\/www.latelierdesmerveilles.be\/index.php?rest_route=\/wp\/v2\/product"}],"about":[{"href":"https:\/\/www.latelierdesmerveilles.be\/index.php?rest_route=\/wp\/v2\/types\/product"}],"replies":[{"embeddable":true,"href":"https:\/\/www.latelierdesmerveilles.be\/index.php?rest_route=%2Fwp%2Fv2%2Fcomments&post=802"}],"wp:featuredmedia":[{"embeddable":true,"href":"https:\/\/www.latelierdesmerveilles.be\/index.php?rest_route=\/wp\/v2\/media\/804"}],"wp:attachment":[{"href":"https:\/\/www.latelierdesmerveilles.be\/index.php?rest_route=%2Fwp%2Fv2%2Fmedia&parent=802"}],"wp:term":[{"taxonomy":"product_brand","embeddable":true,"href":"https:\/\/www.latelierdesmerveilles.be\/index.php?rest_route=%2Fwp%2Fv2%2Fproduct_brand&post=802"},{"taxonomy":"product_cat","embeddable":true,"href":"https:\/\/www.latelierdesmerveilles.be\/index.php?rest_route=%2Fwp%2Fv2%2Fproduct_cat&post=802"},{"taxonomy":"product_tag","embeddable":true,"href":"https:\/\/www.latelierdesmerveilles.be\/index.php?rest_route=%2Fwp%2Fv2%2Fproduct_tag&post=802"}],"curies":[{"name":"wp","href":"https:\/\/api.w.org\/{rel}","templated":true}]}}