{"id":791,"date":"2025-10-24T14:28:00","date_gmt":"2025-10-24T12:28:00","guid":{"rendered":"https:\/\/www.latelierdesmerveilles.be\/?post_type=product&#038;p=791"},"modified":"2025-10-28T16:04:47","modified_gmt":"2025-10-28T14:04:47","slug":"bavoir-personnalisable","status":"publish","type":"product","link":"https:\/\/www.latelierdesmerveilles.be\/?product=bavoir-personnalisable","title":{"rendered":"Bavoir personnalisable"},"content":{"rendered":"<p>D\u00e9couvrez notre bavoir personnalisable, l\u2019alliance parfaite entre praticit\u00e9 et douceur. Con\u00e7u pour accompagner les repas et prot\u00e9ger les v\u00eatements de b\u00e9b\u00e9, il se distingue par sa simplicit\u00e9 \u00e9l\u00e9gante et sa personnalisation unique. Faites inscrire le pr\u00e9nom de votre enfant pour en faire un accessoire \u00e0 la fois utile et plein de charme. Facile \u00e0 entretenir et agr\u00e9able \u00e0 porter, ce bavoir deviendra vite un incontournable du quotidien.<\/p>\n","protected":false},"excerpt":{"rendered":"<p>Nos bavoirs personnalisables \u2013 un indispensable du quotidien, \u00e0 la fois doux, pratique et unique gr\u00e2ce \u00e0 la personnalisation avec le pr\u00e9nom de votre b\u00e9b\u00e9.<\/p>\n","protected":false},"featured_media":793,"comment_status":"open","ping_status":"closed","template":"","meta":[],"product_brand":[],"product_cat":[68,94,39,40],"product_tag":[],"class_list":{"0":"post-791","1":"product","2":"type-product","3":"status-publish","4":"has-post-thumbnail","6":"product_cat-bavoirs","7":"product_cat-produits-personnalisables","8":"product_cat-bebes","9":"product_cat-naissance-bebes","11":"first","12":"instock","13":"taxable","14":"shipping-taxable","15":"purchasable","16":"product-type-variable"},"_links":{"self":[{"href":"https:\/\/www.latelierdesmerveilles.be\/index.php?rest_route=\/wp\/v2\/product\/791","targetHints":{"allow":["GET"]}}],"collection":[{"href":"https:\/\/www.latelierdesmerveilles.be\/index.php?rest_route=\/wp\/v2\/product"}],"about":[{"href":"https:\/\/www.latelierdesmerveilles.be\/index.php?rest_route=\/wp\/v2\/types\/product"}],"replies":[{"embeddable":true,"href":"https:\/\/www.latelierdesmerveilles.be\/index.php?rest_route=%2Fwp%2Fv2%2Fcomments&post=791"}],"wp:featuredmedia":[{"embeddable":true,"href":"https:\/\/www.latelierdesmerveilles.be\/index.php?rest_route=\/wp\/v2\/media\/793"}],"wp:attachment":[{"href":"https:\/\/www.latelierdesmerveilles.be\/index.php?rest_route=%2Fwp%2Fv2%2Fmedia&parent=791"}],"wp:term":[{"taxonomy":"product_brand","embeddable":true,"href":"https:\/\/www.latelierdesmerveilles.be\/index.php?rest_route=%2Fwp%2Fv2%2Fproduct_brand&post=791"},{"taxonomy":"product_cat","embeddable":true,"href":"https:\/\/www.latelierdesmerveilles.be\/index.php?rest_route=%2Fwp%2Fv2%2Fproduct_cat&post=791"},{"taxonomy":"product_tag","embeddable":true,"href":"https:\/\/www.latelierdesmerveilles.be\/index.php?rest_route=%2Fwp%2Fv2%2Fproduct_tag&post=791"}],"curies":[{"name":"wp","href":"https:\/\/api.w.org\/{rel}","templated":true}]}}