{"id":781,"date":"2025-10-24T14:00:17","date_gmt":"2025-10-24T12:00:17","guid":{"rendered":"https:\/\/www.latelierdesmerveilles.be\/?post_type=product&#038;p=781"},"modified":"2025-10-28T16:05:06","modified_gmt":"2025-10-28T14:05:06","slug":"attache-sucette","status":"publish","type":"product","link":"https:\/\/www.latelierdesmerveilles.be\/?product=attache-sucette","title":{"rendered":"Attache-Sucette"},"content":{"rendered":"<p>Ne perdez plus jamais la t\u00e9tine de votre tout-petit gr\u00e2ce \u00e0 notre attache-sucette personnalisable ! Con\u00e7ue pour allier praticit\u00e9 et esth\u00e9tisme, elle maintient la sucette \u00e0 port\u00e9e de main tout en apportant une touche unique au style de votre b\u00e9b\u00e9. Chaque attache est personnalis\u00e9e avec le pr\u00e9nom de votre enfant et disponible dans une jolie palette de couleurs, pour s\u2019accorder \u00e0 toutes les tenues. Douce, l\u00e9g\u00e8re et s\u00fbre, elle deviendra rapidement un indispensable du quotidien, aussi mignon qu\u2019utile.<\/p>\n","protected":false},"excerpt":{"rendered":"<p>Gardez la t\u00e9tine de votre b\u00e9b\u00e9 toujours \u00e0 port\u00e9e avec notre attache-sucette personnalisable.<br \/>\nDisponible en plusieurs couleurs, elle allie s\u00e9curit\u00e9, douceur et touche personnelle gr\u00e2ce \u00e0 la gravure du pr\u00e9nom de votre enfant<\/p>\n","protected":false},"featured_media":785,"comment_status":"open","ping_status":"closed","template":"","meta":[],"product_brand":[],"product_cat":[94,39,42,40],"product_tag":[],"class_list":{"0":"post-781","1":"product","2":"type-product","3":"status-publish","4":"has-post-thumbnail","6":"product_cat-produits-personnalisables","7":"product_cat-bebes","8":"product_cat-attache-tetine","9":"product_cat-naissance-bebes","11":"first","12":"instock","13":"taxable","14":"shipping-taxable","15":"purchasable","16":"product-type-variable"},"_links":{"self":[{"href":"https:\/\/www.latelierdesmerveilles.be\/index.php?rest_route=\/wp\/v2\/product\/781","targetHints":{"allow":["GET"]}}],"collection":[{"href":"https:\/\/www.latelierdesmerveilles.be\/index.php?rest_route=\/wp\/v2\/product"}],"about":[{"href":"https:\/\/www.latelierdesmerveilles.be\/index.php?rest_route=\/wp\/v2\/types\/product"}],"replies":[{"embeddable":true,"href":"https:\/\/www.latelierdesmerveilles.be\/index.php?rest_route=%2Fwp%2Fv2%2Fcomments&post=781"}],"wp:featuredmedia":[{"embeddable":true,"href":"https:\/\/www.latelierdesmerveilles.be\/index.php?rest_route=\/wp\/v2\/media\/785"}],"wp:attachment":[{"href":"https:\/\/www.latelierdesmerveilles.be\/index.php?rest_route=%2Fwp%2Fv2%2Fmedia&parent=781"}],"wp:term":[{"taxonomy":"product_brand","embeddable":true,"href":"https:\/\/www.latelierdesmerveilles.be\/index.php?rest_route=%2Fwp%2Fv2%2Fproduct_brand&post=781"},{"taxonomy":"product_cat","embeddable":true,"href":"https:\/\/www.latelierdesmerveilles.be\/index.php?rest_route=%2Fwp%2Fv2%2Fproduct_cat&post=781"},{"taxonomy":"product_tag","embeddable":true,"href":"https:\/\/www.latelierdesmerveilles.be\/index.php?rest_route=%2Fwp%2Fv2%2Fproduct_tag&post=781"}],"curies":[{"name":"wp","href":"https:\/\/api.w.org\/{rel}","templated":true}]}}