{"id":779,"date":"2025-10-23T16:31:42","date_gmt":"2025-10-23T14:31:42","guid":{"rendered":"https:\/\/www.latelierdesmerveilles.be\/?post_type=product&#038;p=779"},"modified":"2025-10-28T16:05:20","modified_gmt":"2025-10-28T14:05:20","slug":"box-naissance-grande-version","status":"publish","type":"product","link":"https:\/\/www.latelierdesmerveilles.be\/?product=box-naissance-grande-version","title":{"rendered":"Box naissance (Grande version)"},"content":{"rendered":"<p>Offrez un souvenir unique pour accueillir b\u00e9b\u00e9 dans les plus tendres conditions \ud83d\udc96<br \/>\nNotre box naissance personnalis\u00e9e contient trois essentiels pour les tout premiers jours : un bavoir, une attache sucette, un body, un bonnet, une paire de mouffles, et de chaussons assortis. Chaque pi\u00e8ce est confectionn\u00e9e avec des mati\u00e8res douces et confortables, pens\u00e9es pour la peau d\u00e9licate des nouveau-n\u00e9s.<\/p>\n<p>Personnalis\u00e9e au pr\u00e9nom du b\u00e9b\u00e9, cette box devient un cadeau \u00e0 la fois pratique et plein d\u2019\u00e9motion. Parfaite pour une naissance, un baby shower ou une premi\u00e8re visite \u00e0 la maternit\u00e9, elle fera le bonheur des jeunes parents et deviendra un souvenir pr\u00e9cieux \u00e0 conserver.<\/p>\n","protected":false},"excerpt":{"rendered":"<p>Offrez un cadeau unique pour c\u00e9l\u00e9brer l\u2019arriv\u00e9e de b\u00e9b\u00e9 \ud83d\udc95<br \/>\nCette jolie box contient un <strong>bavoir<\/strong>, un <strong>attache-sucette<\/strong>, un <strong>body<\/strong>, un <strong>bonnet<\/strong>, des <strong>mouffles<\/strong> et des <strong>chaussons<\/strong> assortis, personnalis\u00e9s au <strong>pr\u00e9nom du nouveau-n\u00e9<\/strong>. Douce, pratique et pleine d\u2019\u00e9motion \u2014 le souvenir parfait pour les premiers jours de vie.<\/p>\n","protected":false},"featured_media":917,"comment_status":"open","ping_status":"closed","template":"","meta":[],"product_brand":[],"product_cat":[94,39,40],"product_tag":[],"class_list":{"0":"post-779","1":"product","2":"type-product","3":"status-publish","4":"has-post-thumbnail","6":"product_cat-produits-personnalisables","7":"product_cat-bebes","8":"product_cat-naissance-bebes","10":"first","11":"instock","12":"taxable","13":"shipping-taxable","14":"purchasable","15":"product-type-variable"},"_links":{"self":[{"href":"https:\/\/www.latelierdesmerveilles.be\/index.php?rest_route=\/wp\/v2\/product\/779","targetHints":{"allow":["GET"]}}],"collection":[{"href":"https:\/\/www.latelierdesmerveilles.be\/index.php?rest_route=\/wp\/v2\/product"}],"about":[{"href":"https:\/\/www.latelierdesmerveilles.be\/index.php?rest_route=\/wp\/v2\/types\/product"}],"replies":[{"embeddable":true,"href":"https:\/\/www.latelierdesmerveilles.be\/index.php?rest_route=%2Fwp%2Fv2%2Fcomments&post=779"}],"wp:featuredmedia":[{"embeddable":true,"href":"https:\/\/www.latelierdesmerveilles.be\/index.php?rest_route=\/wp\/v2\/media\/917"}],"wp:attachment":[{"href":"https:\/\/www.latelierdesmerveilles.be\/index.php?rest_route=%2Fwp%2Fv2%2Fmedia&parent=779"}],"wp:term":[{"taxonomy":"product_brand","embeddable":true,"href":"https:\/\/www.latelierdesmerveilles.be\/index.php?rest_route=%2Fwp%2Fv2%2Fproduct_brand&post=779"},{"taxonomy":"product_cat","embeddable":true,"href":"https:\/\/www.latelierdesmerveilles.be\/index.php?rest_route=%2Fwp%2Fv2%2Fproduct_cat&post=779"},{"taxonomy":"product_tag","embeddable":true,"href":"https:\/\/www.latelierdesmerveilles.be\/index.php?rest_route=%2Fwp%2Fv2%2Fproduct_tag&post=779"}],"curies":[{"name":"wp","href":"https:\/\/api.w.org\/{rel}","templated":true}]}}