{"id":616,"date":"2025-10-18T15:21:03","date_gmt":"2025-10-18T13:21:03","guid":{"rendered":"https:\/\/www.latelierdesmerveilles.be\/?post_type=product&#038;p=616"},"modified":"2025-10-18T15:25:14","modified_gmt":"2025-10-18T13:25:14","slug":"boule-de-noel-en-bois-papy-2","status":"publish","type":"product","link":"https:\/\/www.latelierdesmerveilles.be\/?product=boule-de-noel-en-bois-papy-2","title":{"rendered":"Boule de No\u00ebl en bois \u00ab\u00a0Papy\u00a0\u00bb"},"content":{"rendered":"<p data-start=\"52\" data-end=\"347\">Apportez une touche naturelle et chaleureuse \u00e0 votre d\u00e9coration de f\u00eates avec cette <strong data-start=\"136\" data-end=\"161\">boule de No\u00ebl en bois<\/strong>, d\u00e9licatement orn\u00e9e de l\u2019inscription <strong data-start=\"199\" data-end=\"220\">\u201cPapy\u201d<\/strong>. Son design simple et \u00e9l\u00e9gant allie <strong data-start=\"257\" data-end=\"290\">authenticit\u00e9 et esprit festif<\/strong>, pour un sapin qui respire la douceur et la tradition.<\/p>\n<p data-start=\"349\" data-end=\"676\">Fabriqu\u00e9e dans un <strong data-start=\"367\" data-end=\"394\">bois l\u00e9ger et r\u00e9sistant<\/strong>, cette d\u00e9coration s\u2019int\u00e8gre parfaitement \u00e0 tous les styles : du <strong data-start=\"459\" data-end=\"493\">sapin classique et scintillant<\/strong> au <strong data-start=\"497\" data-end=\"527\">d\u00e9cor nordique minimaliste<\/strong>. Que vous la suspendiez seule ou en composition avec d\u2019autres ornements, elle apportera une <strong data-start=\"620\" data-end=\"655\">touche naturelle et harmonieuse<\/strong> \u00e0 votre int\u00e9rieur.<\/p>\n<p data-start=\"678\" data-end=\"786\" data-is-last-node=\"\" data-is-only-node=\"\">Une jolie fa\u00e7on de c\u00e9l\u00e9brer la magie de No\u00ebl tout en privil\u00e9giant la <strong data-start=\"747\" data-end=\"782\">simplicit\u00e9 et le charme du bois<\/strong>. \ud83c\udf1f<\/p>\n","protected":false},"excerpt":{"rendered":"<p>Apportez une touche naturelle et festive \u00e0 votre sapin avec cette <strong data-start=\"118\" data-end=\"176\">boule en bois orn\u00e9e de l\u2019inscription \u201cPapy\u201d<\/strong>. Son style \u00e9pur\u00e9 et chaleureux en fait une <strong data-start=\"220\" data-end=\"249\">d\u00e9coration incontournable<\/strong> pour cr\u00e9er une ambiance authentique et conviviale pendant les f\u00eates. \u2728<\/p>\n","protected":false},"featured_media":618,"comment_status":"open","ping_status":"closed","template":"","meta":[],"product_brand":[],"product_cat":[67],"product_tag":[],"class_list":{"0":"post-616","1":"product","2":"type-product","3":"status-publish","4":"has-post-thumbnail","6":"product_cat-boules-de-noel","8":"first","9":"instock","10":"taxable","11":"shipping-taxable","12":"purchasable","13":"product-type-simple"},"_links":{"self":[{"href":"https:\/\/www.latelierdesmerveilles.be\/index.php?rest_route=\/wp\/v2\/product\/616","targetHints":{"allow":["GET"]}}],"collection":[{"href":"https:\/\/www.latelierdesmerveilles.be\/index.php?rest_route=\/wp\/v2\/product"}],"about":[{"href":"https:\/\/www.latelierdesmerveilles.be\/index.php?rest_route=\/wp\/v2\/types\/product"}],"replies":[{"embeddable":true,"href":"https:\/\/www.latelierdesmerveilles.be\/index.php?rest_route=%2Fwp%2Fv2%2Fcomments&post=616"}],"wp:featuredmedia":[{"embeddable":true,"href":"https:\/\/www.latelierdesmerveilles.be\/index.php?rest_route=\/wp\/v2\/media\/618"}],"wp:attachment":[{"href":"https:\/\/www.latelierdesmerveilles.be\/index.php?rest_route=%2Fwp%2Fv2%2Fmedia&parent=616"}],"wp:term":[{"taxonomy":"product_brand","embeddable":true,"href":"https:\/\/www.latelierdesmerveilles.be\/index.php?rest_route=%2Fwp%2Fv2%2Fproduct_brand&post=616"},{"taxonomy":"product_cat","embeddable":true,"href":"https:\/\/www.latelierdesmerveilles.be\/index.php?rest_route=%2Fwp%2Fv2%2Fproduct_cat&post=616"},{"taxonomy":"product_tag","embeddable":true,"href":"https:\/\/www.latelierdesmerveilles.be\/index.php?rest_route=%2Fwp%2Fv2%2Fproduct_tag&post=616"}],"curies":[{"name":"wp","href":"https:\/\/api.w.org\/{rel}","templated":true}]}}