{"id":2339,"date":"2026-01-15T16:30:31","date_gmt":"2026-01-15T14:30:31","guid":{"rendered":"https:\/\/www.latelierdesmerveilles.be\/?post_type=product&#038;p=2339"},"modified":"2026-01-15T16:30:31","modified_gmt":"2026-01-15T14:30:31","slug":"tonies-2-cover-vaiana-2","status":"publish","type":"product","link":"https:\/\/www.latelierdesmerveilles.be\/?product=tonies-2-cover-vaiana-2","title":{"rendered":"Tonies 2 cover vaiana"},"content":{"rendered":"<p>Apportez une touche de magie \u00e0 la Toniebox de votre enfant gr\u00e2ce \u00e0 nos stickers d\u00e9coratifs sp\u00e9cialement con\u00e7us pour la Toniebox.<\/p>\n<p>D\u00e9clin\u00e9s en plusieurs th\u00e8mes (enfants, animaux, f\u00e9erie, personnages, couleurs douces ou tendances), nos stickers permettent de personnaliser la box selon les go\u00fbts et l\u2019univers de chaque enfant.<\/p>\n<p>Fabriqu\u00e9s \u00e0 partir de vinyle de qualit\u00e9, ils sont r\u00e9sistants, durables et faciles \u00e0 poser. Leur adh\u00e9sif n\u2019ab\u00eeme pas la Toniebox et peut \u00eatre retir\u00e9 sans laisser de traces, id\u00e9al pour changer de th\u00e8me au fil du temps.<\/p>\n<p>\u2728 Caract\u00e9ristiques :<\/p>\n<p>Compatible avec la Toniebox<\/p>\n<p>Plusieurs th\u00e8mes disponibles<\/p>\n<p>Vinyle r\u00e9sistant et durable<\/p>\n<p>Pose facile, sans bulles<\/p>\n<p>Retrait sans traces<\/p>\n<p>\ud83c\udf81 Une id\u00e9e parfaite pour un cadeau personnalis\u00e9 ou pour rendre la Toniebox encore plus unique et amusante au quotidien.<\/p>\n","protected":false},"excerpt":{"rendered":"<p>Personnalisez la Toniebox de votre enfant avec nos stickers d\u00e9coratifs aux th\u00e8mes vari\u00e9s. Faciles \u00e0 poser, r\u00e9sistants et sans traces, ils transforment la box en un accessoire unique et ludique.<\/p>\n","protected":false},"featured_media":2329,"comment_status":"open","ping_status":"closed","template":"","meta":[],"product_brand":[],"product_cat":[117],"product_tag":[],"class_list":{"0":"post-2339","1":"product","2":"type-product","3":"status-publish","4":"has-post-thumbnail","6":"product_cat-cover-tonies-2","8":"first","9":"instock","10":"taxable","11":"shipping-taxable","12":"purchasable","13":"product-type-simple"},"_links":{"self":[{"href":"https:\/\/www.latelierdesmerveilles.be\/index.php?rest_route=\/wp\/v2\/product\/2339","targetHints":{"allow":["GET"]}}],"collection":[{"href":"https:\/\/www.latelierdesmerveilles.be\/index.php?rest_route=\/wp\/v2\/product"}],"about":[{"href":"https:\/\/www.latelierdesmerveilles.be\/index.php?rest_route=\/wp\/v2\/types\/product"}],"replies":[{"embeddable":true,"href":"https:\/\/www.latelierdesmerveilles.be\/index.php?rest_route=%2Fwp%2Fv2%2Fcomments&post=2339"}],"wp:featuredmedia":[{"embeddable":true,"href":"https:\/\/www.latelierdesmerveilles.be\/index.php?rest_route=\/wp\/v2\/media\/2329"}],"wp:attachment":[{"href":"https:\/\/www.latelierdesmerveilles.be\/index.php?rest_route=%2Fwp%2Fv2%2Fmedia&parent=2339"}],"wp:term":[{"taxonomy":"product_brand","embeddable":true,"href":"https:\/\/www.latelierdesmerveilles.be\/index.php?rest_route=%2Fwp%2Fv2%2Fproduct_brand&post=2339"},{"taxonomy":"product_cat","embeddable":true,"href":"https:\/\/www.latelierdesmerveilles.be\/index.php?rest_route=%2Fwp%2Fv2%2Fproduct_cat&post=2339"},{"taxonomy":"product_tag","embeddable":true,"href":"https:\/\/www.latelierdesmerveilles.be\/index.php?rest_route=%2Fwp%2Fv2%2Fproduct_tag&post=2339"}],"curies":[{"name":"wp","href":"https:\/\/api.w.org\/{rel}","templated":true}]}}