{"id":2098,"date":"2026-01-04T15:06:31","date_gmt":"2026-01-04T13:06:31","guid":{"rendered":"https:\/\/www.latelierdesmerveilles.be\/?post_type=product&#038;p=2098"},"modified":"2026-01-04T15:06:31","modified_gmt":"2026-01-04T13:06:31","slug":"verre-a-vin-anniversaire-personnalisable","status":"publish","type":"product","link":"https:\/\/www.latelierdesmerveilles.be\/?product=verre-a-vin-anniversaire-personnalisable","title":{"rendered":"Verre \u00e0 vin Anniversaire personnalisable"},"content":{"rendered":"<p data-path-to-node=\"8,1\">Un anniversaire m\u00e9morable commence par un toast r\u00e9ussi. Pour c\u00e9l\u00e9brer cette nouvelle ann\u00e9e, mettez de c\u00f4t\u00e9 les verres classiques et offrez-vous (ou offrez \u00e0 l&rsquo;ami(e) du jour) un verre \u00e0 vin totalement unique.<\/p>\n<p data-path-to-node=\"8,2\"><b data-path-to-node=\"8,2\" data-index-in-node=\"0\">Gravez l&rsquo;instant<\/b> Avec le pr\u00e9nom grav\u00e9 sur le calice, ce verre devient instantan\u00e9ment l&rsquo;objet central de la soir\u00e9e. Il permet d&rsquo;identifier imm\u00e9diatement le verre de celui ou celle qui est \u00e0 l&rsquo;honneur (pratique pour ne pas le perdre pendant la f\u00eate !) et ajoute une touche personnelle sur les photos souvenirs.<\/p>\n<p data-path-to-node=\"8,3\"><b data-path-to-node=\"8,3\" data-index-in-node=\"0\">Pourquoi il est parfait pour l&rsquo;occasion :<\/b><\/p>\n<ul data-path-to-node=\"8,4\">\n<li>\n<p data-path-to-node=\"8,4,0,0\"><b data-path-to-node=\"8,4,0,0\" data-index-in-node=\"0\">Le \u00ab\u00a0Must-Have\u00a0\u00bb :<\/b> Id\u00e9al pour le vin rouge, blanc ou ros\u00e9.<\/p>\n<\/li>\n<li>\n<p data-path-to-node=\"8,4,1,0\"><b data-path-to-node=\"8,4,1,0\" data-index-in-node=\"0\">Souvenir durable :<\/b> Une fois la f\u00eate finie, il reste un magnifique souvenir \u00e0 utiliser lors des prochains ap\u00e9ros.<\/p>\n<\/li>\n<li>\n<p data-path-to-node=\"8,4,2,0\"><b data-path-to-node=\"8,4,2,0\" data-index-in-node=\"0\">Personnalisation de qualit\u00e9 :<\/b> Une gravure fine qui r\u00e9siste aux chocs et \u00e0 la f\u00eate.<\/p>\n<\/li>\n<\/ul>\n","protected":false},"excerpt":{"rendered":"<p>Ce soir, on trinque \u00e0 [Pr\u00e9nom] ! Marquez le coup avec ce verre \u00e0 vin personnalis\u00e9 unique. L&rsquo;accessoire indispensable pour que la star de la soir\u00e9e d\u00e9guste son cru pr\u00e9f\u00e9r\u00e9 avec style.<\/p>\n","protected":false},"featured_media":2100,"comment_status":"open","ping_status":"closed","template":"","meta":[],"product_brand":[],"product_cat":[121,94,118],"product_tag":[],"class_list":{"0":"post-2098","1":"product","2":"type-product","3":"status-publish","4":"has-post-thumbnail","6":"product_cat-anniversaires","7":"product_cat-produits-personnalisables","8":"product_cat-verre-grave","10":"first","11":"instock","12":"taxable","13":"shipping-taxable","14":"purchasable","15":"product-type-simple"},"_links":{"self":[{"href":"https:\/\/www.latelierdesmerveilles.be\/index.php?rest_route=\/wp\/v2\/product\/2098","targetHints":{"allow":["GET"]}}],"collection":[{"href":"https:\/\/www.latelierdesmerveilles.be\/index.php?rest_route=\/wp\/v2\/product"}],"about":[{"href":"https:\/\/www.latelierdesmerveilles.be\/index.php?rest_route=\/wp\/v2\/types\/product"}],"replies":[{"embeddable":true,"href":"https:\/\/www.latelierdesmerveilles.be\/index.php?rest_route=%2Fwp%2Fv2%2Fcomments&post=2098"}],"wp:featuredmedia":[{"embeddable":true,"href":"https:\/\/www.latelierdesmerveilles.be\/index.php?rest_route=\/wp\/v2\/media\/2100"}],"wp:attachment":[{"href":"https:\/\/www.latelierdesmerveilles.be\/index.php?rest_route=%2Fwp%2Fv2%2Fmedia&parent=2098"}],"wp:term":[{"taxonomy":"product_brand","embeddable":true,"href":"https:\/\/www.latelierdesmerveilles.be\/index.php?rest_route=%2Fwp%2Fv2%2Fproduct_brand&post=2098"},{"taxonomy":"product_cat","embeddable":true,"href":"https:\/\/www.latelierdesmerveilles.be\/index.php?rest_route=%2Fwp%2Fv2%2Fproduct_cat&post=2098"},{"taxonomy":"product_tag","embeddable":true,"href":"https:\/\/www.latelierdesmerveilles.be\/index.php?rest_route=%2Fwp%2Fv2%2Fproduct_tag&post=2098"}],"curies":[{"name":"wp","href":"https:\/\/api.w.org\/{rel}","templated":true}]}}