{"id":2097,"date":"2026-01-04T15:01:13","date_gmt":"2026-01-04T13:01:13","guid":{"rendered":"https:\/\/www.latelierdesmerveilles.be\/?post_type=product&#038;p=2097"},"modified":"2026-01-04T15:01:35","modified_gmt":"2026-01-04T13:01:35","slug":"verre-a-eau-anniversaire-personnalisable-2","status":"publish","type":"product","link":"https:\/\/www.latelierdesmerveilles.be\/?product=verre-a-eau-anniversaire-personnalisable-2","title":{"rendered":"Verre \u00e0 eau anniversaire personnalisable"},"content":{"rendered":"<p data-path-to-node=\"9,1\">Vous organisez une f\u00eate m\u00e9morable ? Ne laissez aucun d\u00e9tail au hasard. Oubliez les gobelets en plastique ou les verres anonymes : offrez \u00e0 vos invit\u00e9s (ou \u00e0 vous-m\u00eame) un verre personnalis\u00e9 qui porte le nom de celui ou celle qui est \u00e0 l&rsquo;honneur.<\/p>\n<p data-path-to-node=\"9,2\"><b data-path-to-node=\"9,2\" data-index-in-node=\"0\">Plus qu&rsquo;un verre, un troph\u00e9e de soir\u00e9e<\/b> En gravant le pr\u00e9nom de l&rsquo;anniversaire sur ce verre \u00e0 eau, vous cr\u00e9ez une v\u00e9ritable identit\u00e9 visuelle pour votre \u00e9v\u00e9nement. C&rsquo;est l&rsquo;\u00e9l\u00e9ment de d\u00e9coration qui fera parler les invit\u00e9s et qui finira probablement en photo sur tous les r\u00e9seaux sociaux !<\/p>\n<p data-path-to-node=\"9,3\"><b data-path-to-node=\"9,3\" data-index-in-node=\"0\">Pourquoi c&rsquo;est le must-have de la soir\u00e9e :<\/b><\/p>\n<ul data-path-to-node=\"9,4\">\n<li>\n<p data-path-to-node=\"9,4,0,0\"><b data-path-to-node=\"9,4,0,0\" data-index-in-node=\"0\">Polyvalent :<\/b> Parfait pour l&rsquo;eau, mais aussi les mojitos, les softs ou les cocktails festifs.<\/p>\n<\/li>\n<li>\n<p data-path-to-node=\"9,4,1,0\"><b data-path-to-node=\"9,4,1,0\" data-index-in-node=\"0\">Souvenir Collector :<\/b> Vos proches repartiront avec un souvenir tangible de cette soir\u00e9e \u00e9pique.<\/p>\n<\/li>\n<li>\n<p data-path-to-node=\"9,4,2,0\"><b data-path-to-node=\"9,4,2,0\" data-index-in-node=\"0\">Qualit\u00e9 premium :<\/b> Un verre robuste qui r\u00e9sistera aux trinquements les plus enthousiastes.<\/p>\n<\/li>\n<\/ul>\n","protected":false},"excerpt":{"rendered":"<p>je suis actuellement en train de construire un site ecommerce. je veux cr\u00e9er une description courte et une description longue pour chaque produit. Le produit en question est un verre \u00e0 eau pour un bapteme d&rsquo;enfant. le verre est personnalisable avec un pr\u00e9nom (celui de l&rsquo;enfant)<\/p>\n","protected":false},"featured_media":2095,"comment_status":"open","ping_status":"closed","template":"","meta":[],"product_brand":[],"product_cat":[121,94,118],"product_tag":[],"class_list":{"0":"post-2097","1":"product","2":"type-product","3":"status-publish","4":"has-post-thumbnail","6":"product_cat-anniversaires","7":"product_cat-produits-personnalisables","8":"product_cat-verre-grave","10":"first","11":"instock","12":"taxable","13":"shipping-taxable","14":"purchasable","15":"product-type-simple"},"_links":{"self":[{"href":"https:\/\/www.latelierdesmerveilles.be\/index.php?rest_route=\/wp\/v2\/product\/2097","targetHints":{"allow":["GET"]}}],"collection":[{"href":"https:\/\/www.latelierdesmerveilles.be\/index.php?rest_route=\/wp\/v2\/product"}],"about":[{"href":"https:\/\/www.latelierdesmerveilles.be\/index.php?rest_route=\/wp\/v2\/types\/product"}],"replies":[{"embeddable":true,"href":"https:\/\/www.latelierdesmerveilles.be\/index.php?rest_route=%2Fwp%2Fv2%2Fcomments&post=2097"}],"wp:featuredmedia":[{"embeddable":true,"href":"https:\/\/www.latelierdesmerveilles.be\/index.php?rest_route=\/wp\/v2\/media\/2095"}],"wp:attachment":[{"href":"https:\/\/www.latelierdesmerveilles.be\/index.php?rest_route=%2Fwp%2Fv2%2Fmedia&parent=2097"}],"wp:term":[{"taxonomy":"product_brand","embeddable":true,"href":"https:\/\/www.latelierdesmerveilles.be\/index.php?rest_route=%2Fwp%2Fv2%2Fproduct_brand&post=2097"},{"taxonomy":"product_cat","embeddable":true,"href":"https:\/\/www.latelierdesmerveilles.be\/index.php?rest_route=%2Fwp%2Fv2%2Fproduct_cat&post=2097"},{"taxonomy":"product_tag","embeddable":true,"href":"https:\/\/www.latelierdesmerveilles.be\/index.php?rest_route=%2Fwp%2Fv2%2Fproduct_tag&post=2097"}],"curies":[{"name":"wp","href":"https:\/\/api.w.org\/{rel}","templated":true}]}}