{"id":2090,"date":"2026-01-04T14:54:31","date_gmt":"2026-01-04T12:54:31","guid":{"rendered":"https:\/\/www.latelierdesmerveilles.be\/?post_type=product&#038;p=2090"},"modified":"2026-01-04T15:01:07","modified_gmt":"2026-01-04T13:01:07","slug":"verre-a-eau-personnalisable","status":"publish","type":"product","link":"https:\/\/www.latelierdesmerveilles.be\/?product=verre-a-eau-personnalisable","title":{"rendered":"Verre \u00e0 eau Bapteme personnalisable"},"content":{"rendered":"<p data-path-to-node=\"8,1\">Pour un dressage de table sans fausse note, le verre \u00e0 eau est tout aussi important que la fl\u00fbte ou le verre \u00e0 vin. Avec ce mod\u00e8le personnalis\u00e9, vous apportez une coh\u00e9rence parfaite \u00e0 votre d\u00e9coration de bapt\u00eame.<\/p>\n<p data-path-to-node=\"8,2\"><b data-path-to-node=\"8,2\" data-index-in-node=\"0\">Un souvenir pour chaque invit\u00e9<\/b> Grav\u00e9 d\u00e9licatement avec le pr\u00e9nom de l&rsquo;enfant, ce verre devient bien plus qu&rsquo;un simple contenant. Il transforme l&rsquo;eau, les jus de fruits ou les boissons gazeuses en une partie int\u00e9grante de la f\u00eate. C&rsquo;est l&rsquo;attention id\u00e9ale pour remercier vos convives avec un objet utile qu&rsquo;ils prendront plaisir \u00e0 r\u00e9utiliser au quotidien.<\/p>\n","protected":false},"excerpt":{"rendered":"<p>Compl\u00e9tez votre d\u00e9coration de table avec ce verre \u00e0 eau raffin\u00e9, grav\u00e9 au pr\u00e9nom de votre enfant. La touche finale indispensable pour une table de bapt\u00eame harmonieuse et personnalis\u00e9e.<\/p>\n","protected":false},"featured_media":2092,"comment_status":"open","ping_status":"closed","template":"","meta":[],"product_brand":[],"product_cat":[120,94,118],"product_tag":[],"class_list":{"0":"post-2090","1":"product","2":"type-product","3":"status-publish","4":"has-post-thumbnail","6":"product_cat-baptemes","7":"product_cat-produits-personnalisables","8":"product_cat-verre-grave","10":"first","11":"instock","12":"taxable","13":"shipping-taxable","14":"purchasable","15":"product-type-simple"},"_links":{"self":[{"href":"https:\/\/www.latelierdesmerveilles.be\/index.php?rest_route=\/wp\/v2\/product\/2090","targetHints":{"allow":["GET"]}}],"collection":[{"href":"https:\/\/www.latelierdesmerveilles.be\/index.php?rest_route=\/wp\/v2\/product"}],"about":[{"href":"https:\/\/www.latelierdesmerveilles.be\/index.php?rest_route=\/wp\/v2\/types\/product"}],"replies":[{"embeddable":true,"href":"https:\/\/www.latelierdesmerveilles.be\/index.php?rest_route=%2Fwp%2Fv2%2Fcomments&post=2090"}],"wp:featuredmedia":[{"embeddable":true,"href":"https:\/\/www.latelierdesmerveilles.be\/index.php?rest_route=\/wp\/v2\/media\/2092"}],"wp:attachment":[{"href":"https:\/\/www.latelierdesmerveilles.be\/index.php?rest_route=%2Fwp%2Fv2%2Fmedia&parent=2090"}],"wp:term":[{"taxonomy":"product_brand","embeddable":true,"href":"https:\/\/www.latelierdesmerveilles.be\/index.php?rest_route=%2Fwp%2Fv2%2Fproduct_brand&post=2090"},{"taxonomy":"product_cat","embeddable":true,"href":"https:\/\/www.latelierdesmerveilles.be\/index.php?rest_route=%2Fwp%2Fv2%2Fproduct_cat&post=2090"},{"taxonomy":"product_tag","embeddable":true,"href":"https:\/\/www.latelierdesmerveilles.be\/index.php?rest_route=%2Fwp%2Fv2%2Fproduct_tag&post=2090"}],"curies":[{"name":"wp","href":"https:\/\/api.w.org\/{rel}","templated":true}]}}