{"id":2062,"date":"2026-01-01T19:36:14","date_gmt":"2026-01-01T17:36:14","guid":{"rendered":"https:\/\/www.latelierdesmerveilles.be\/?post_type=product&#038;p=2062"},"modified":"2026-01-01T19:41:15","modified_gmt":"2026-01-01T17:41:15","slug":"tonies-2-cover-harry-potter-3","status":"publish","type":"product","link":"https:\/\/www.latelierdesmerveilles.be\/?product=tonies-2-cover-harry-potter-3","title":{"rendered":"Tonies 2 Cover Harry Potter"},"content":{"rendered":"<p>Offrez une protection styl\u00e9e \u00e0 la Tonies Box de votre enfant gr\u00e2ce \u00e0 ce vinyle de protection de haute qualit\u00e9. Con\u00e7u sur mesure, il \u00e9pouse parfaitement les formes de la box et la prot\u00e8ge efficacement des rayures, frottements et petites maladresses du quotidien.<\/p>\n<p>Facile \u00e0 appliquer, ce vinyle adh\u00e8re sans bulles et peut \u00eatre retir\u00e9 sans laisser de traces, pour changer de style selon vos envies. Id\u00e9al pour personnaliser la Tonies Box tout en prolongeant sa dur\u00e9e de vie, il allie praticit\u00e9, protection et esth\u00e9tisme.<\/p>\n<p>Un accessoire indispensable pour pr\u00e9server la Tonies Box tout en la rendant unique \ud83d\udc99\ud83e\ude77<\/p>\n","protected":false},"excerpt":{"rendered":"<p>Vinyle de protection sp\u00e9cialement con\u00e7u pour la Tonies Box. Il prot\u00e8ge contre les rayures et les petits chocs tout en apportant une touche d\u00e9co unique. Facile \u00e0 poser et \u00e0 retirer, sans ab\u00eemer l\u2019appareil.<\/p>\n","protected":false},"featured_media":2025,"comment_status":"open","ping_status":"closed","template":"","meta":[],"product_brand":[],"product_cat":[117],"product_tag":[],"class_list":{"0":"post-2062","1":"product","2":"type-product","3":"status-publish","4":"has-post-thumbnail","6":"product_cat-cover-tonies-2","8":"first","9":"instock","10":"taxable","11":"shipping-taxable","12":"purchasable","13":"product-type-simple"},"_links":{"self":[{"href":"https:\/\/www.latelierdesmerveilles.be\/index.php?rest_route=\/wp\/v2\/product\/2062","targetHints":{"allow":["GET"]}}],"collection":[{"href":"https:\/\/www.latelierdesmerveilles.be\/index.php?rest_route=\/wp\/v2\/product"}],"about":[{"href":"https:\/\/www.latelierdesmerveilles.be\/index.php?rest_route=\/wp\/v2\/types\/product"}],"replies":[{"embeddable":true,"href":"https:\/\/www.latelierdesmerveilles.be\/index.php?rest_route=%2Fwp%2Fv2%2Fcomments&post=2062"}],"wp:featuredmedia":[{"embeddable":true,"href":"https:\/\/www.latelierdesmerveilles.be\/index.php?rest_route=\/wp\/v2\/media\/2025"}],"wp:attachment":[{"href":"https:\/\/www.latelierdesmerveilles.be\/index.php?rest_route=%2Fwp%2Fv2%2Fmedia&parent=2062"}],"wp:term":[{"taxonomy":"product_brand","embeddable":true,"href":"https:\/\/www.latelierdesmerveilles.be\/index.php?rest_route=%2Fwp%2Fv2%2Fproduct_brand&post=2062"},{"taxonomy":"product_cat","embeddable":true,"href":"https:\/\/www.latelierdesmerveilles.be\/index.php?rest_route=%2Fwp%2Fv2%2Fproduct_cat&post=2062"},{"taxonomy":"product_tag","embeddable":true,"href":"https:\/\/www.latelierdesmerveilles.be\/index.php?rest_route=%2Fwp%2Fv2%2Fproduct_tag&post=2062"}],"curies":[{"name":"wp","href":"https:\/\/api.w.org\/{rel}","templated":true}]}}