{"id":2001,"date":"2026-01-01T18:19:42","date_gmt":"2026-01-01T16:19:42","guid":{"rendered":"https:\/\/www.latelierdesmerveilles.be\/?post_type=product&#038;p=2001"},"modified":"2026-01-01T18:19:42","modified_gmt":"2026-01-01T16:19:42","slug":"verre-a-eau-grave-anniversaire-3","status":"publish","type":"product","link":"https:\/\/www.latelierdesmerveilles.be\/?product=verre-a-eau-grave-anniversaire-3","title":{"rendered":"Verre A Eau Grav\u00e9 Anniversaire"},"content":{"rendered":"<p>Apportez une touche d\u2019\u00e9l\u00e9gance et d\u2019originalit\u00e9 \u00e0 votre table avec ce verre \u00e0 eau grav\u00e9. Con\u00e7u dans un verre de qualit\u00e9, il est \u00e0 la fois robuste et raffin\u00e9, parfait pour une utilisation quotidienne comme pour les grandes occasions.<\/p>\n<p>La gravure, r\u00e9alis\u00e9e avec pr\u00e9cision, offre un rendu durable qui ne s\u2019efface pas avec le temps ni au lavage. Personnalisable selon vos envies (pr\u00e9nom, mot doux, date, symbole ou th\u00e8me), ce verre \u00e0 eau devient un objet unique, id\u00e9al pour un cadeau personnalis\u00e9 \u00e0 l\u2019occasion d\u2019un anniversaire, d\u2019un mariage, d\u2019un bapt\u00eame ou simplement pour se faire plaisir.<\/p>\n<p>Alliant praticit\u00e9 et esth\u00e9tique, ce verre grav\u00e9 s\u2019int\u00e8gre harmonieusement \u00e0 tous les styles de table, du plus classique au plus moderne.<\/p>\n","protected":false},"excerpt":{"rendered":"<p>Verre \u00e0 eau grav\u00e9 avec soin, id\u00e9al pour un usage quotidien ou pour offrir. \u00c9l\u00e9gant, r\u00e9sistant et personnalisable, il apporte une touche unique \u00e0 votre table.<\/p>\n","protected":false},"featured_media":1951,"comment_status":"open","ping_status":"closed","template":"","meta":[],"product_brand":[],"product_cat":[118],"product_tag":[],"class_list":{"0":"post-2001","1":"product","2":"type-product","3":"status-publish","4":"has-post-thumbnail","6":"product_cat-verre-grave","8":"first","9":"instock","10":"taxable","11":"shipping-taxable","12":"purchasable","13":"product-type-simple"},"_links":{"self":[{"href":"https:\/\/www.latelierdesmerveilles.be\/index.php?rest_route=\/wp\/v2\/product\/2001","targetHints":{"allow":["GET"]}}],"collection":[{"href":"https:\/\/www.latelierdesmerveilles.be\/index.php?rest_route=\/wp\/v2\/product"}],"about":[{"href":"https:\/\/www.latelierdesmerveilles.be\/index.php?rest_route=\/wp\/v2\/types\/product"}],"replies":[{"embeddable":true,"href":"https:\/\/www.latelierdesmerveilles.be\/index.php?rest_route=%2Fwp%2Fv2%2Fcomments&post=2001"}],"wp:featuredmedia":[{"embeddable":true,"href":"https:\/\/www.latelierdesmerveilles.be\/index.php?rest_route=\/wp\/v2\/media\/1951"}],"wp:attachment":[{"href":"https:\/\/www.latelierdesmerveilles.be\/index.php?rest_route=%2Fwp%2Fv2%2Fmedia&parent=2001"}],"wp:term":[{"taxonomy":"product_brand","embeddable":true,"href":"https:\/\/www.latelierdesmerveilles.be\/index.php?rest_route=%2Fwp%2Fv2%2Fproduct_brand&post=2001"},{"taxonomy":"product_cat","embeddable":true,"href":"https:\/\/www.latelierdesmerveilles.be\/index.php?rest_route=%2Fwp%2Fv2%2Fproduct_cat&post=2001"},{"taxonomy":"product_tag","embeddable":true,"href":"https:\/\/www.latelierdesmerveilles.be\/index.php?rest_route=%2Fwp%2Fv2%2Fproduct_tag&post=2001"}],"curies":[{"name":"wp","href":"https:\/\/api.w.org\/{rel}","templated":true}]}}