{"id":1939,"date":"2026-01-01T18:11:34","date_gmt":"2026-01-01T16:11:34","guid":{"rendered":"https:\/\/www.latelierdesmerveilles.be\/?post_type=product&#038;p=1939"},"modified":"2026-01-01T18:11:34","modified_gmt":"2026-01-01T16:11:34","slug":"verre-a-vin-grave-anniversaire","status":"publish","type":"product","link":"https:\/\/www.latelierdesmerveilles.be\/?product=verre-a-vin-grave-anniversaire","title":{"rendered":"Verre a Vin Grav\u00e9 anniversaire"},"content":{"rendered":"<p>D\u00e9couvrez nos magnifiques verres \u00e0 vin personnalis\u00e9s, sp\u00e9cialement con\u00e7us pour sublimer vos \u00e9v\u00e9nements tels que les mariages et les bapt\u00eames.<\/p>\n<p>D\u2019autres mod\u00e8les de design et diff\u00e9rents verres viendront bient\u00f4t enrichir notre nouvelle collection. \ud83e\ude77\ud83e\ude75<\/p>\n","protected":false},"excerpt":{"rendered":"<p>Voici nos magnifiques verres a vin personnalis\u00e9 sp\u00e9cialement pour vos \u00e9v\u00e9nements tel que mariage et bapt\u00eame d&rsquo;autre mod\u00e8le de design et diff\u00e9rents verre rejoindront bient\u00f4t notre nouvelle collection \ud83e\ude77\ud83e\ude75<\/p>\n","protected":false},"featured_media":1940,"comment_status":"open","ping_status":"closed","template":"","meta":[],"product_brand":[],"product_cat":[118],"product_tag":[],"class_list":{"0":"post-1939","1":"product","2":"type-product","3":"status-publish","4":"has-post-thumbnail","6":"product_cat-verre-grave","8":"first","9":"instock","10":"taxable","11":"shipping-taxable","12":"purchasable","13":"product-type-simple"},"_links":{"self":[{"href":"https:\/\/www.latelierdesmerveilles.be\/index.php?rest_route=\/wp\/v2\/product\/1939","targetHints":{"allow":["GET"]}}],"collection":[{"href":"https:\/\/www.latelierdesmerveilles.be\/index.php?rest_route=\/wp\/v2\/product"}],"about":[{"href":"https:\/\/www.latelierdesmerveilles.be\/index.php?rest_route=\/wp\/v2\/types\/product"}],"replies":[{"embeddable":true,"href":"https:\/\/www.latelierdesmerveilles.be\/index.php?rest_route=%2Fwp%2Fv2%2Fcomments&post=1939"}],"wp:featuredmedia":[{"embeddable":true,"href":"https:\/\/www.latelierdesmerveilles.be\/index.php?rest_route=\/wp\/v2\/media\/1940"}],"wp:attachment":[{"href":"https:\/\/www.latelierdesmerveilles.be\/index.php?rest_route=%2Fwp%2Fv2%2Fmedia&parent=1939"}],"wp:term":[{"taxonomy":"product_brand","embeddable":true,"href":"https:\/\/www.latelierdesmerveilles.be\/index.php?rest_route=%2Fwp%2Fv2%2Fproduct_brand&post=1939"},{"taxonomy":"product_cat","embeddable":true,"href":"https:\/\/www.latelierdesmerveilles.be\/index.php?rest_route=%2Fwp%2Fv2%2Fproduct_cat&post=1939"},{"taxonomy":"product_tag","embeddable":true,"href":"https:\/\/www.latelierdesmerveilles.be\/index.php?rest_route=%2Fwp%2Fv2%2Fproduct_tag&post=1939"}],"curies":[{"name":"wp","href":"https:\/\/api.w.org\/{rel}","templated":true}]}}