{"id":1819,"date":"2025-12-28T18:36:41","date_gmt":"2025-12-28T16:36:41","guid":{"rendered":"https:\/\/www.latelierdesmerveilles.be\/?post_type=product&#038;p=1819"},"modified":"2025-12-28T18:36:42","modified_gmt":"2025-12-28T16:36:42","slug":"panier-garni-noeud","status":"publish","type":"product","link":"https:\/\/www.latelierdesmerveilles.be\/?product=panier-garni-noeud","title":{"rendered":"Panier garni Noeud"},"content":{"rendered":"<p>Apportez la magie de No\u00ebl avec notre panier garni sp\u00e9cial f\u00eates, soigneusement compos\u00e9 d\u2019\u00e9l\u00e9ments d\u00e9coratifs de No\u00ebl et d\u2019un verre avec paille, parfait pour savourer vos boissons pr\u00e9f\u00e9r\u00e9es dans une ambiance festive.<\/p>\n<p>Pens\u00e9 comme un cadeau \u00e0 la fois utile et d\u00e9coratif, ce panier est id\u00e9al pour offrir \u00e0 un proche, \u00e0 un enseignant, \u00e0 un coll\u00e8gue ou pour se faire plaisir. Les d\u00e9corations ajoutent une touche chaleureuse \u00e0 l\u2019int\u00e9rieur tandis que le verre avec paille apporte une note originale et conviviale, parfaite pour les moments de partage pendant les f\u00eates.<\/p>\n<p>\ud83c\udf84 Un panier \u00e9l\u00e9gant et festif, pr\u00eat \u00e0 offrir, qui combine d\u00e9coration, praticit\u00e9 et esprit de No\u00ebl pour \u00e9merveiller petits et grands.<\/p>\n","protected":false},"excerpt":{"rendered":"<p>Craquez pour ce panier garni de No\u00ebl compos\u00e9 de jolies d\u00e9corations festives et d\u2019un verre avec paille, id\u00e9al pour apporter une touche chaleureuse et originale aux f\u00eates de fin d\u2019ann\u00e9e. Un cadeau pr\u00eat \u00e0 offrir \ud83c\udf81\u2728<\/p>\n","protected":false},"featured_media":1817,"comment_status":"open","ping_status":"closed","template":"","meta":[],"product_brand":[],"product_cat":[119],"product_tag":[],"class_list":{"0":"post-1819","1":"product","2":"type-product","3":"status-publish","4":"has-post-thumbnail","6":"product_cat-panier-garnis","8":"first","9":"instock","10":"taxable","11":"shipping-taxable","12":"purchasable","13":"product-type-simple"},"_links":{"self":[{"href":"https:\/\/www.latelierdesmerveilles.be\/index.php?rest_route=\/wp\/v2\/product\/1819","targetHints":{"allow":["GET"]}}],"collection":[{"href":"https:\/\/www.latelierdesmerveilles.be\/index.php?rest_route=\/wp\/v2\/product"}],"about":[{"href":"https:\/\/www.latelierdesmerveilles.be\/index.php?rest_route=\/wp\/v2\/types\/product"}],"replies":[{"embeddable":true,"href":"https:\/\/www.latelierdesmerveilles.be\/index.php?rest_route=%2Fwp%2Fv2%2Fcomments&post=1819"}],"wp:featuredmedia":[{"embeddable":true,"href":"https:\/\/www.latelierdesmerveilles.be\/index.php?rest_route=\/wp\/v2\/media\/1817"}],"wp:attachment":[{"href":"https:\/\/www.latelierdesmerveilles.be\/index.php?rest_route=%2Fwp%2Fv2%2Fmedia&parent=1819"}],"wp:term":[{"taxonomy":"product_brand","embeddable":true,"href":"https:\/\/www.latelierdesmerveilles.be\/index.php?rest_route=%2Fwp%2Fv2%2Fproduct_brand&post=1819"},{"taxonomy":"product_cat","embeddable":true,"href":"https:\/\/www.latelierdesmerveilles.be\/index.php?rest_route=%2Fwp%2Fv2%2Fproduct_cat&post=1819"},{"taxonomy":"product_tag","embeddable":true,"href":"https:\/\/www.latelierdesmerveilles.be\/index.php?rest_route=%2Fwp%2Fv2%2Fproduct_tag&post=1819"}],"curies":[{"name":"wp","href":"https:\/\/api.w.org\/{rel}","templated":true}]}}