{"id":1804,"date":"2025-12-28T18:07:04","date_gmt":"2025-12-28T16:07:04","guid":{"rendered":"https:\/\/www.latelierdesmerveilles.be\/?post_type=product&#038;p=1804"},"modified":"2025-12-28T18:07:04","modified_gmt":"2025-12-28T16:07:04","slug":"bavoir-noel-2","status":"publish","type":"product","link":"https:\/\/www.latelierdesmerveilles.be\/?product=bavoir-noel-2","title":{"rendered":"Bavoir No\u00ebl"},"content":{"rendered":"<p>Apportez la magie de No\u00ebl aux repas de votre b\u00e9b\u00e9 avec notre bavoir de No\u00ebl. Con\u00e7u pour \u00eatre \u00e0 la fois pratique et adorable, il prot\u00e8ge efficacement les v\u00eatements tout en ajoutant une touche festive gr\u00e2ce \u00e0 son design sp\u00e9cial f\u00eates. Doux et agr\u00e9able \u00e0 porter, il est id\u00e9al pour les repas en famille, les photos souvenirs ou comme petite id\u00e9e cadeau. Un indispensable pour faire rimer No\u00ebl avec confort, propret\u00e9 et esprit festif \ud83c\udf85\ud83c\udf84.<\/p>\n","protected":false},"excerpt":{"rendered":"<p>Bavoir de No\u00ebl \u2013 festif et pratique, il accompagne b\u00e9b\u00e9 pendant les repas de f\u00eates tout en apportant une touche magique et gourmande \u00e0 sa tenue.<\/p>\n","protected":false},"featured_media":1785,"comment_status":"open","ping_status":"closed","template":"","meta":[],"product_brand":[],"product_cat":[68,39],"product_tag":[],"class_list":{"0":"post-1804","1":"product","2":"type-product","3":"status-publish","4":"has-post-thumbnail","6":"product_cat-bavoirs","7":"product_cat-bebes","9":"first","10":"instock","11":"taxable","12":"shipping-taxable","13":"purchasable","14":"product-type-simple"},"_links":{"self":[{"href":"https:\/\/www.latelierdesmerveilles.be\/index.php?rest_route=\/wp\/v2\/product\/1804","targetHints":{"allow":["GET"]}}],"collection":[{"href":"https:\/\/www.latelierdesmerveilles.be\/index.php?rest_route=\/wp\/v2\/product"}],"about":[{"href":"https:\/\/www.latelierdesmerveilles.be\/index.php?rest_route=\/wp\/v2\/types\/product"}],"replies":[{"embeddable":true,"href":"https:\/\/www.latelierdesmerveilles.be\/index.php?rest_route=%2Fwp%2Fv2%2Fcomments&post=1804"}],"wp:featuredmedia":[{"embeddable":true,"href":"https:\/\/www.latelierdesmerveilles.be\/index.php?rest_route=\/wp\/v2\/media\/1785"}],"wp:attachment":[{"href":"https:\/\/www.latelierdesmerveilles.be\/index.php?rest_route=%2Fwp%2Fv2%2Fmedia&parent=1804"}],"wp:term":[{"taxonomy":"product_brand","embeddable":true,"href":"https:\/\/www.latelierdesmerveilles.be\/index.php?rest_route=%2Fwp%2Fv2%2Fproduct_brand&post=1804"},{"taxonomy":"product_cat","embeddable":true,"href":"https:\/\/www.latelierdesmerveilles.be\/index.php?rest_route=%2Fwp%2Fv2%2Fproduct_cat&post=1804"},{"taxonomy":"product_tag","embeddable":true,"href":"https:\/\/www.latelierdesmerveilles.be\/index.php?rest_route=%2Fwp%2Fv2%2Fproduct_tag&post=1804"}],"curies":[{"name":"wp","href":"https:\/\/api.w.org\/{rel}","templated":true}]}}