{"id":1802,"date":"2025-12-28T18:02:35","date_gmt":"2025-12-28T16:02:35","guid":{"rendered":"https:\/\/www.latelierdesmerveilles.be\/?post_type=product&#038;p=1802"},"modified":"2025-12-28T18:02:35","modified_gmt":"2025-12-28T16:02:35","slug":"verre-a-champagne-bonne-annee","status":"publish","type":"product","link":"https:\/\/www.latelierdesmerveilles.be\/?product=verre-a-champagne-bonne-annee","title":{"rendered":"Verre A Champagne Bonne Ann\u00e9e"},"content":{"rendered":"<p>Apportez une touche d\u2019\u00e9l\u00e9gance et de personnalisation \u00e0 vos moments de d\u00e9gustation avec ce verre \u00e0 vin grav\u00e9. R\u00e9alis\u00e9e avec pr\u00e9cision, la gravure est durable et r\u00e9sistante au lavage, garantissant un rendu raffin\u00e9 dans le temps.<\/p>\n<p>Parfait pour un anniversaire, un mariage, la f\u00eate des m\u00e8res, la Saint-Valentin ou simplement pour sublimer votre table, ce verre \u00e0 vin personnalis\u00e9 est une id\u00e9e cadeau originale et intemporelle. Chaque pi\u00e8ce est grav\u00e9e avec soin afin de cr\u00e9er un objet unique qui fera toujours son effet.<\/p>\n<p>Alliant esth\u00e9tique et qualit\u00e9, ce verre \u00e0 vin grav\u00e9 transformera chaque d\u00e9gustation en un moment encore plus sp\u00e9cial.<\/p>\n","protected":false},"excerpt":{"rendered":"<p>Verre \u00e0 vin grav\u00e9 avec soin, id\u00e9al pour offrir ou se faire plaisir. Un cadeau unique et personnalis\u00e9 pour toutes les occasions.<\/p>\n","protected":false},"featured_media":1783,"comment_status":"open","ping_status":"closed","template":"","meta":[],"product_brand":[],"product_cat":[118],"product_tag":[],"class_list":{"0":"post-1802","1":"product","2":"type-product","3":"status-publish","4":"has-post-thumbnail","6":"product_cat-verre-grave","8":"first","9":"instock","10":"taxable","11":"shipping-taxable","12":"purchasable","13":"product-type-simple"},"_links":{"self":[{"href":"https:\/\/www.latelierdesmerveilles.be\/index.php?rest_route=\/wp\/v2\/product\/1802","targetHints":{"allow":["GET"]}}],"collection":[{"href":"https:\/\/www.latelierdesmerveilles.be\/index.php?rest_route=\/wp\/v2\/product"}],"about":[{"href":"https:\/\/www.latelierdesmerveilles.be\/index.php?rest_route=\/wp\/v2\/types\/product"}],"replies":[{"embeddable":true,"href":"https:\/\/www.latelierdesmerveilles.be\/index.php?rest_route=%2Fwp%2Fv2%2Fcomments&post=1802"}],"wp:featuredmedia":[{"embeddable":true,"href":"https:\/\/www.latelierdesmerveilles.be\/index.php?rest_route=\/wp\/v2\/media\/1783"}],"wp:attachment":[{"href":"https:\/\/www.latelierdesmerveilles.be\/index.php?rest_route=%2Fwp%2Fv2%2Fmedia&parent=1802"}],"wp:term":[{"taxonomy":"product_brand","embeddable":true,"href":"https:\/\/www.latelierdesmerveilles.be\/index.php?rest_route=%2Fwp%2Fv2%2Fproduct_brand&post=1802"},{"taxonomy":"product_cat","embeddable":true,"href":"https:\/\/www.latelierdesmerveilles.be\/index.php?rest_route=%2Fwp%2Fv2%2Fproduct_cat&post=1802"},{"taxonomy":"product_tag","embeddable":true,"href":"https:\/\/www.latelierdesmerveilles.be\/index.php?rest_route=%2Fwp%2Fv2%2Fproduct_tag&post=1802"}],"curies":[{"name":"wp","href":"https:\/\/api.w.org\/{rel}","templated":true}]}}