{"id":1678,"date":"2025-12-04T21:51:27","date_gmt":"2025-12-04T19:51:27","guid":{"rendered":"https:\/\/www.latelierdesmerveilles.be\/?post_type=product&#038;p=1678"},"modified":"2025-12-05T15:39:26","modified_gmt":"2025-12-05T13:39:26","slug":"tonies-2-cover-ratatouille","status":"publish","type":"product","link":"https:\/\/www.latelierdesmerveilles.be\/?product=tonies-2-cover-ratatouille","title":{"rendered":"Tonies 2 Cover Ratatouille"},"content":{"rendered":"<p>Offrez \u00e0 votre Toniebox une protection durable et pleine de charme avec notre film de protection sp\u00e9cialement con\u00e7u pour \u00e9pouser parfaitement ses formes. R\u00e9alis\u00e9 dans un vinyle de haute qualit\u00e9, il prot\u00e8ge efficacement contre les rayures, les petites traces du quotidien et l\u2019usure naturelle.<\/p>\n<p>&nbsp;<\/p>\n<p>Disponible dans diff\u00e9rents th\u00e8mes (animaux, f\u00e9erie, super-h\u00e9ros, motifs doux\u2026), ce film d\u00e9coratif permet de personnaliser la Toniebox de vos enfants selon leurs go\u00fbts, tout en conservant son utilisation simple et s\u00e9curis\u00e9e.<\/p>\n<p>&nbsp;<\/p>\n<p>Facile \u00e0 appliquer et \u00e0 retirer sans laisser de traces, il est id\u00e9al pour renouveler le look de la Toniebox ou pour l\u2019adapter aux passions du moment. Un accessoire pratique, esth\u00e9tique et parfait pour prolonger la vie de l\u2019appareil !<\/p>\n","protected":false},"excerpt":{"rendered":"<p>Prot\u00e9gez votre Toniebox avec style gr\u00e2ce \u00e0 notre film de protection adh\u00e9sif disponible dans plusieurs th\u00e8mes. Facile \u00e0 poser, r\u00e9sistant et parfaitement ajust\u00e9, il apporte une touche personnalis\u00e9e tout en pr\u00e9servant votre appareil des rayures.<\/p>\n","protected":false},"featured_media":1703,"comment_status":"open","ping_status":"closed","template":"","meta":[],"product_brand":[],"product_cat":[117],"product_tag":[],"class_list":{"0":"post-1678","1":"product","2":"type-product","3":"status-publish","4":"has-post-thumbnail","6":"product_cat-cover-tonies-2","8":"first","9":"instock","10":"taxable","11":"shipping-taxable","12":"purchasable","13":"product-type-simple"},"_links":{"self":[{"href":"https:\/\/www.latelierdesmerveilles.be\/index.php?rest_route=\/wp\/v2\/product\/1678","targetHints":{"allow":["GET"]}}],"collection":[{"href":"https:\/\/www.latelierdesmerveilles.be\/index.php?rest_route=\/wp\/v2\/product"}],"about":[{"href":"https:\/\/www.latelierdesmerveilles.be\/index.php?rest_route=\/wp\/v2\/types\/product"}],"replies":[{"embeddable":true,"href":"https:\/\/www.latelierdesmerveilles.be\/index.php?rest_route=%2Fwp%2Fv2%2Fcomments&post=1678"}],"wp:featuredmedia":[{"embeddable":true,"href":"https:\/\/www.latelierdesmerveilles.be\/index.php?rest_route=\/wp\/v2\/media\/1703"}],"wp:attachment":[{"href":"https:\/\/www.latelierdesmerveilles.be\/index.php?rest_route=%2Fwp%2Fv2%2Fmedia&parent=1678"}],"wp:term":[{"taxonomy":"product_brand","embeddable":true,"href":"https:\/\/www.latelierdesmerveilles.be\/index.php?rest_route=%2Fwp%2Fv2%2Fproduct_brand&post=1678"},{"taxonomy":"product_cat","embeddable":true,"href":"https:\/\/www.latelierdesmerveilles.be\/index.php?rest_route=%2Fwp%2Fv2%2Fproduct_cat&post=1678"},{"taxonomy":"product_tag","embeddable":true,"href":"https:\/\/www.latelierdesmerveilles.be\/index.php?rest_route=%2Fwp%2Fv2%2Fproduct_tag&post=1678"}],"curies":[{"name":"wp","href":"https:\/\/api.w.org\/{rel}","templated":true}]}}