{"id":1535,"date":"2025-11-22T16:30:44","date_gmt":"2025-11-22T14:30:44","guid":{"rendered":"https:\/\/www.latelierdesmerveilles.be\/?post_type=product&#038;p=1535"},"modified":"2025-11-22T16:57:12","modified_gmt":"2025-11-22T14:57:12","slug":"boule-de-noel-en-ceramique-echographie-personnalise","status":"publish","type":"product","link":"https:\/\/www.latelierdesmerveilles.be\/?product=boule-de-noel-en-ceramique-echographie-personnalise","title":{"rendered":"Boule de no\u00ebl en c\u00e9ramique \u00e9chographie (personnalis\u00e9)"},"content":{"rendered":"<p data-start=\"342\" data-end=\"638\">Ajoutez une touche d\u2019amour et de tendresse \u00e0 votre sapin gr\u00e2ce \u00e0 notre boule de No\u00ebl en c\u00e9ramique personnalis\u00e9e avec votre \u00e9chographie pr\u00e9natale. Pens\u00e9e pour c\u00e9l\u00e9brer l\u2019arriv\u00e9e de b\u00e9b\u00e9, cette d\u00e9coration unique transforme votre image d\u2019\u00e9chographie en un souvenir pr\u00e9cieux \u00e0 exposer chaque ann\u00e9e.<\/p>\n<p data-start=\"640\" data-end=\"884\">Fabriqu\u00e9e en c\u00e9ramique de haute qualit\u00e9, la boule offre une finition \u00e9l\u00e9gante et durable, parfaite pour traverser le temps. Elle constitue un cadeau id\u00e9al pour de futurs parents, des grands-parents ou pour immortaliser votre propre grossesse.<\/p>\n<p data-start=\"886\" data-end=\"998\">Un objet charg\u00e9 d\u2019\u00e9motion, \u00e0 offrir ou \u00e0 s\u2019offrir, pour faire de votre No\u00ebl un moment encore plus magique. \ud83c\udf84\u2728<\/p>\n","protected":false},"excerpt":{"rendered":"<p>Une d\u00e9coration unique et pleine d\u2019\u00e9motion avec notre boule de No\u00ebl en c\u00e9ramique personnalis\u00e9e avec l\u2019\u00e9chographie de votre b\u00e9b\u00e9. Un souvenir magique \u00e0 suspendre au sapin.<\/p>\n","protected":false},"featured_media":1536,"comment_status":"open","ping_status":"closed","template":"","meta":[],"product_brand":[],"product_cat":[67,97,94],"product_tag":[],"class_list":{"0":"post-1535","1":"product","2":"type-product","3":"status-publish","4":"has-post-thumbnail","6":"product_cat-boules-de-noel","7":"product_cat-noel-2","8":"product_cat-produits-personnalisables","10":"first","11":"instock","12":"taxable","13":"shipping-taxable","14":"purchasable","15":"product-type-simple"},"_links":{"self":[{"href":"https:\/\/www.latelierdesmerveilles.be\/index.php?rest_route=\/wp\/v2\/product\/1535","targetHints":{"allow":["GET"]}}],"collection":[{"href":"https:\/\/www.latelierdesmerveilles.be\/index.php?rest_route=\/wp\/v2\/product"}],"about":[{"href":"https:\/\/www.latelierdesmerveilles.be\/index.php?rest_route=\/wp\/v2\/types\/product"}],"replies":[{"embeddable":true,"href":"https:\/\/www.latelierdesmerveilles.be\/index.php?rest_route=%2Fwp%2Fv2%2Fcomments&post=1535"}],"wp:featuredmedia":[{"embeddable":true,"href":"https:\/\/www.latelierdesmerveilles.be\/index.php?rest_route=\/wp\/v2\/media\/1536"}],"wp:attachment":[{"href":"https:\/\/www.latelierdesmerveilles.be\/index.php?rest_route=%2Fwp%2Fv2%2Fmedia&parent=1535"}],"wp:term":[{"taxonomy":"product_brand","embeddable":true,"href":"https:\/\/www.latelierdesmerveilles.be\/index.php?rest_route=%2Fwp%2Fv2%2Fproduct_brand&post=1535"},{"taxonomy":"product_cat","embeddable":true,"href":"https:\/\/www.latelierdesmerveilles.be\/index.php?rest_route=%2Fwp%2Fv2%2Fproduct_cat&post=1535"},{"taxonomy":"product_tag","embeddable":true,"href":"https:\/\/www.latelierdesmerveilles.be\/index.php?rest_route=%2Fwp%2Fv2%2Fproduct_tag&post=1535"}],"curies":[{"name":"wp","href":"https:\/\/api.w.org\/{rel}","templated":true}]}}