{"id":1465,"date":"2025-11-11T21:08:56","date_gmt":"2025-11-11T19:08:56","guid":{"rendered":"https:\/\/www.latelierdesmerveilles.be\/?post_type=product&#038;p=1465"},"modified":"2025-11-11T21:20:03","modified_gmt":"2025-11-11T19:20:03","slug":"porte-cle-marraine-2","status":"publish","type":"product","link":"https:\/\/www.latelierdesmerveilles.be\/?product=porte-cle-marraine-2","title":{"rendered":"Porte-cl\u00e9 Marraine"},"content":{"rendered":"<p>Ce porte-cl\u00e9 en acrylique est l\u2019accessoire parfait pour personnaliser votre trousseau, sac ou m\u00eame votre trousse. Fabriqu\u00e9 dans un acrylique transparent et r\u00e9sistant, il allie solidit\u00e9 et \u00e9l\u00e9gance. Son design moderne et brillant attire le regard tout en refl\u00e9tant votre personnalit\u00e9.<br \/>\nId\u00e9al comme petit cadeau ou pour se faire plaisir, ce porte-cl\u00e9 pratique et tendance deviendra vite un indispensable du quotidien.<\/p>\n","protected":false},"excerpt":{"rendered":"<p>Ajoutez une touche de style \u00e0 vos cl\u00e9s avec ce porte-cl\u00e9 en acrylique ! L\u00e9ger, r\u00e9sistant et plein de charme, il vous accompagne partout.<\/p>\n","protected":false},"featured_media":1466,"comment_status":"open","ping_status":"closed","template":"","meta":[],"product_brand":[],"product_cat":[36,38],"product_tag":[],"class_list":{"0":"post-1465","1":"product","2":"type-product","3":"status-publish","4":"has-post-thumbnail","6":"product_cat-porte-clefs","7":"product_cat-acrylique","9":"first","10":"instock","11":"taxable","12":"shipping-taxable","13":"purchasable","14":"product-type-simple"},"_links":{"self":[{"href":"https:\/\/www.latelierdesmerveilles.be\/index.php?rest_route=\/wp\/v2\/product\/1465","targetHints":{"allow":["GET"]}}],"collection":[{"href":"https:\/\/www.latelierdesmerveilles.be\/index.php?rest_route=\/wp\/v2\/product"}],"about":[{"href":"https:\/\/www.latelierdesmerveilles.be\/index.php?rest_route=\/wp\/v2\/types\/product"}],"replies":[{"embeddable":true,"href":"https:\/\/www.latelierdesmerveilles.be\/index.php?rest_route=%2Fwp%2Fv2%2Fcomments&post=1465"}],"wp:featuredmedia":[{"embeddable":true,"href":"https:\/\/www.latelierdesmerveilles.be\/index.php?rest_route=\/wp\/v2\/media\/1466"}],"wp:attachment":[{"href":"https:\/\/www.latelierdesmerveilles.be\/index.php?rest_route=%2Fwp%2Fv2%2Fmedia&parent=1465"}],"wp:term":[{"taxonomy":"product_brand","embeddable":true,"href":"https:\/\/www.latelierdesmerveilles.be\/index.php?rest_route=%2Fwp%2Fv2%2Fproduct_brand&post=1465"},{"taxonomy":"product_cat","embeddable":true,"href":"https:\/\/www.latelierdesmerveilles.be\/index.php?rest_route=%2Fwp%2Fv2%2Fproduct_cat&post=1465"},{"taxonomy":"product_tag","embeddable":true,"href":"https:\/\/www.latelierdesmerveilles.be\/index.php?rest_route=%2Fwp%2Fv2%2Fproduct_tag&post=1465"}],"curies":[{"name":"wp","href":"https:\/\/api.w.org\/{rel}","templated":true}]}}