{"id":1352,"date":"2025-11-02T16:27:33","date_gmt":"2025-11-02T14:27:33","guid":{"rendered":"https:\/\/www.latelierdesmerveilles.be\/?post_type=product&#038;p=1352"},"modified":"2025-11-02T16:33:34","modified_gmt":"2025-11-02T14:33:34","slug":"porte-cles-personnalisable","status":"publish","type":"product","link":"https:\/\/www.latelierdesmerveilles.be\/?product=porte-cles-personnalisable","title":{"rendered":"Porte-cl\u00e9s personnalisable"},"content":{"rendered":"<p>Emportez vos plus beaux souvenirs partout avec vous gr\u00e2ce \u00e0 notre porte-cl\u00e9 personnalisable recto-verso. Ajoutez la photo de votre choix sur chaque face pour cr\u00e9er un accessoire unique, \u00e0 votre image. Que ce soit un portrait de famille, votre animal de compagnie, ou un souvenir de voyage, ce porte-cl\u00e9 deviendra vite un indispensable au quotidien.<br \/>\nL\u00e9ger, r\u00e9sistant et \u00e9l\u00e9gant, il est parfait pour offrir ou se faire plaisir. Une petite attention pleine de sens \u00e0 garder toujours sur soi \ud83d\udc96<\/p>\n","protected":false},"excerpt":{"rendered":"<p>Porte-cl\u00e9 personnalisable recto-verso avec votre photo pr\u00e9f\u00e9r\u00e9e \u2014 un accessoire unique pour garder vos souvenirs toujours \u00e0 port\u00e9e de main.<\/p>\n","protected":false},"featured_media":1353,"comment_status":"open","ping_status":"closed","template":"","meta":[],"product_brand":[],"product_cat":[96,94,36],"product_tag":[],"class_list":{"0":"post-1352","1":"product","2":"type-product","3":"status-publish","4":"has-post-thumbnail","6":"product_cat-photo","7":"product_cat-produits-personnalisables","8":"product_cat-porte-clefs","10":"first","11":"instock","12":"taxable","13":"shipping-taxable","14":"purchasable","15":"product-type-variable"},"_links":{"self":[{"href":"https:\/\/www.latelierdesmerveilles.be\/index.php?rest_route=\/wp\/v2\/product\/1352","targetHints":{"allow":["GET"]}}],"collection":[{"href":"https:\/\/www.latelierdesmerveilles.be\/index.php?rest_route=\/wp\/v2\/product"}],"about":[{"href":"https:\/\/www.latelierdesmerveilles.be\/index.php?rest_route=\/wp\/v2\/types\/product"}],"replies":[{"embeddable":true,"href":"https:\/\/www.latelierdesmerveilles.be\/index.php?rest_route=%2Fwp%2Fv2%2Fcomments&post=1352"}],"wp:featuredmedia":[{"embeddable":true,"href":"https:\/\/www.latelierdesmerveilles.be\/index.php?rest_route=\/wp\/v2\/media\/1353"}],"wp:attachment":[{"href":"https:\/\/www.latelierdesmerveilles.be\/index.php?rest_route=%2Fwp%2Fv2%2Fmedia&parent=1352"}],"wp:term":[{"taxonomy":"product_brand","embeddable":true,"href":"https:\/\/www.latelierdesmerveilles.be\/index.php?rest_route=%2Fwp%2Fv2%2Fproduct_brand&post=1352"},{"taxonomy":"product_cat","embeddable":true,"href":"https:\/\/www.latelierdesmerveilles.be\/index.php?rest_route=%2Fwp%2Fv2%2Fproduct_cat&post=1352"},{"taxonomy":"product_tag","embeddable":true,"href":"https:\/\/www.latelierdesmerveilles.be\/index.php?rest_route=%2Fwp%2Fv2%2Fproduct_tag&post=1352"}],"curies":[{"name":"wp","href":"https:\/\/api.w.org\/{rel}","templated":true}]}}