{"id":1341,"date":"2025-11-02T16:09:46","date_gmt":"2025-11-02T14:09:46","guid":{"rendered":"https:\/\/www.latelierdesmerveilles.be\/?post_type=product&#038;p=1341"},"modified":"2025-11-02T16:14:15","modified_gmt":"2025-11-02T14:14:15","slug":"pochette-petite-souris-personnalisable","status":"publish","type":"product","link":"https:\/\/www.latelierdesmerveilles.be\/?product=pochette-petite-souris-personnalisable","title":{"rendered":"Pochette petite souris personnalisable"},"content":{"rendered":"<p>Rendez la venue de la petite souris encore plus magique avec ce joli petit sac \u00e0 dent personnalisable ! \ud83e\uddb7\ud83d\udc96<br \/>\nCon\u00e7u pour accueillir la premi\u00e8re (et les suivantes !) dent de lait de votre enfant, ce sac est \u00e0 la fois pratique et plein de tendresse. Gr\u00e2ce \u00e0 sa personnalisation, vous pouvez y faire inscrire le pr\u00e9nom de votre petit tr\u00e9sor, pour un souvenir unique et adorable.<\/p>\n<p>Fabriqu\u00e9 avec soin, il se glisse facilement sous l\u2019oreiller ou se suspend pr\u00e8s du lit, pr\u00eat \u00e0 accueillir le passage de la petite souris. Un cadeau parfait pour immortaliser ce grand moment de l\u2019enfance ! \ud83c\udf19\u2728<\/p>\n","protected":false},"excerpt":{"rendered":"<p>Petit sac \u00e0 dent personnalisable, parfait pour y d\u00e9poser la pr\u00e9cieuse dent de lait avant la visite de la petite souris. \ud83d\udc2d\u2728<\/p>\n","protected":false},"featured_media":1346,"comment_status":"open","ping_status":"closed","template":"","meta":[],"product_brand":[],"product_cat":[48,43],"product_tag":[],"class_list":{"0":"post-1341","1":"product","2":"type-product","3":"status-publish","4":"has-post-thumbnail","6":"product_cat-fee-des-dents-petite-souris","7":"product_cat-sacs","9":"first","10":"instock","11":"taxable","12":"shipping-taxable","13":"purchasable","14":"product-type-variable"},"_links":{"self":[{"href":"https:\/\/www.latelierdesmerveilles.be\/index.php?rest_route=\/wp\/v2\/product\/1341","targetHints":{"allow":["GET"]}}],"collection":[{"href":"https:\/\/www.latelierdesmerveilles.be\/index.php?rest_route=\/wp\/v2\/product"}],"about":[{"href":"https:\/\/www.latelierdesmerveilles.be\/index.php?rest_route=\/wp\/v2\/types\/product"}],"replies":[{"embeddable":true,"href":"https:\/\/www.latelierdesmerveilles.be\/index.php?rest_route=%2Fwp%2Fv2%2Fcomments&post=1341"}],"wp:featuredmedia":[{"embeddable":true,"href":"https:\/\/www.latelierdesmerveilles.be\/index.php?rest_route=\/wp\/v2\/media\/1346"}],"wp:attachment":[{"href":"https:\/\/www.latelierdesmerveilles.be\/index.php?rest_route=%2Fwp%2Fv2%2Fmedia&parent=1341"}],"wp:term":[{"taxonomy":"product_brand","embeddable":true,"href":"https:\/\/www.latelierdesmerveilles.be\/index.php?rest_route=%2Fwp%2Fv2%2Fproduct_brand&post=1341"},{"taxonomy":"product_cat","embeddable":true,"href":"https:\/\/www.latelierdesmerveilles.be\/index.php?rest_route=%2Fwp%2Fv2%2Fproduct_cat&post=1341"},{"taxonomy":"product_tag","embeddable":true,"href":"https:\/\/www.latelierdesmerveilles.be\/index.php?rest_route=%2Fwp%2Fv2%2Fproduct_tag&post=1341"}],"curies":[{"name":"wp","href":"https:\/\/api.w.org\/{rel}","templated":true}]}}