{"id":1314,"date":"2025-11-01T16:02:11","date_gmt":"2025-11-01T14:02:11","guid":{"rendered":"https:\/\/www.latelierdesmerveilles.be\/?post_type=product&#038;p=1314"},"modified":"2025-11-01T16:02:11","modified_gmt":"2025-11-01T14:02:11","slug":"stylo-rose-4","status":"publish","type":"product","link":"https:\/\/www.latelierdesmerveilles.be\/?product=stylo-rose-4","title":{"rendered":"Stylo Rose"},"content":{"rendered":"<p>Ajoute une touche de fantaisie \u00e0 ton \u00e9criture avec ce bic orn\u00e9 de perles en silicone !<br \/>\n\u00c0 la fois ludique et \u00e9l\u00e9gant, ce stylo allie confort et originalit\u00e9. Les perles en silicone offrent une prise en main agr\u00e9able tout en apportant une note color\u00e9e et personnalis\u00e9e. Id\u00e9al pour le bureau, l\u2019\u00e9cole ou comme petit cadeau unique, ce bic rend chaque mot un peu plus joyeux.<\/p>\n","protected":false},"excerpt":{"rendered":"<p>Bic original d\u00e9cor\u00e9 de perles en silicone color\u00e9es \u2014 un accessoire fun et pratique qui apporte une touche de style \u00e0 ton bureau !<\/p>\n","protected":false},"featured_media":1267,"comment_status":"open","ping_status":"closed","template":"","meta":[],"product_brand":[],"product_cat":[95],"product_tag":[],"class_list":{"0":"post-1314","1":"product","2":"type-product","3":"status-publish","4":"has-post-thumbnail","6":"product_cat-stylo","8":"first","9":"instock","10":"taxable","11":"shipping-taxable","12":"purchasable","13":"product-type-simple"},"_links":{"self":[{"href":"https:\/\/www.latelierdesmerveilles.be\/index.php?rest_route=\/wp\/v2\/product\/1314","targetHints":{"allow":["GET"]}}],"collection":[{"href":"https:\/\/www.latelierdesmerveilles.be\/index.php?rest_route=\/wp\/v2\/product"}],"about":[{"href":"https:\/\/www.latelierdesmerveilles.be\/index.php?rest_route=\/wp\/v2\/types\/product"}],"replies":[{"embeddable":true,"href":"https:\/\/www.latelierdesmerveilles.be\/index.php?rest_route=%2Fwp%2Fv2%2Fcomments&post=1314"}],"wp:featuredmedia":[{"embeddable":true,"href":"https:\/\/www.latelierdesmerveilles.be\/index.php?rest_route=\/wp\/v2\/media\/1267"}],"wp:attachment":[{"href":"https:\/\/www.latelierdesmerveilles.be\/index.php?rest_route=%2Fwp%2Fv2%2Fmedia&parent=1314"}],"wp:term":[{"taxonomy":"product_brand","embeddable":true,"href":"https:\/\/www.latelierdesmerveilles.be\/index.php?rest_route=%2Fwp%2Fv2%2Fproduct_brand&post=1314"},{"taxonomy":"product_cat","embeddable":true,"href":"https:\/\/www.latelierdesmerveilles.be\/index.php?rest_route=%2Fwp%2Fv2%2Fproduct_cat&post=1314"},{"taxonomy":"product_tag","embeddable":true,"href":"https:\/\/www.latelierdesmerveilles.be\/index.php?rest_route=%2Fwp%2Fv2%2Fproduct_tag&post=1314"}],"curies":[{"name":"wp","href":"https:\/\/api.w.org\/{rel}","templated":true}]}}