{"id":1295,"date":"2025-11-01T15:48:40","date_gmt":"2025-11-01T13:48:40","guid":{"rendered":"https:\/\/www.latelierdesmerveilles.be\/?post_type=product&#038;p=1295"},"modified":"2025-11-01T15:48:40","modified_gmt":"2025-11-01T13:48:40","slug":"cadre-coeur","status":"publish","type":"product","link":"https:\/\/www.latelierdesmerveilles.be\/?product=cadre-coeur","title":{"rendered":"Cadre Coeur"},"content":{"rendered":"<p>Apportez une note de charme et de personnalit\u00e9 \u00e0 votre d\u00e9coration avec ce superbe cadre. Id\u00e9al pour mettre en valeur vos photos, illustrations ou citations pr\u00e9f\u00e9r\u00e9es, il s\u2019int\u00e8gre facilement dans tous les styles d\u2019int\u00e9rieur \u2014 moderne, boh\u00e8me ou classique. Fabriqu\u00e9 avec soin, il constitue aussi une belle id\u00e9e cadeau pour un proche. Que ce soit pos\u00e9 sur un meuble ou accroch\u00e9 au mur, ce cadre saura attirer les regards et raconter votre histoire avec \u00e9l\u00e9gance.<\/p>\n","protected":false},"excerpt":{"rendered":"<p>Un joli cadre d\u00e9coratif parfait pour sublimer vos plus beaux souvenirs ou apporter une touche personnelle \u00e0 votre int\u00e9rieur.<\/p>\n","protected":false},"featured_media":1285,"comment_status":"open","ping_status":"closed","template":"","meta":[],"product_brand":[],"product_cat":[29],"product_tag":[],"class_list":{"0":"post-1295","1":"product","2":"type-product","3":"status-publish","4":"has-post-thumbnail","6":"product_cat-cadres","8":"first","9":"instock","10":"taxable","11":"shipping-taxable","12":"purchasable","13":"product-type-simple"},"_links":{"self":[{"href":"https:\/\/www.latelierdesmerveilles.be\/index.php?rest_route=\/wp\/v2\/product\/1295","targetHints":{"allow":["GET"]}}],"collection":[{"href":"https:\/\/www.latelierdesmerveilles.be\/index.php?rest_route=\/wp\/v2\/product"}],"about":[{"href":"https:\/\/www.latelierdesmerveilles.be\/index.php?rest_route=\/wp\/v2\/types\/product"}],"replies":[{"embeddable":true,"href":"https:\/\/www.latelierdesmerveilles.be\/index.php?rest_route=%2Fwp%2Fv2%2Fcomments&post=1295"}],"wp:featuredmedia":[{"embeddable":true,"href":"https:\/\/www.latelierdesmerveilles.be\/index.php?rest_route=\/wp\/v2\/media\/1285"}],"wp:attachment":[{"href":"https:\/\/www.latelierdesmerveilles.be\/index.php?rest_route=%2Fwp%2Fv2%2Fmedia&parent=1295"}],"wp:term":[{"taxonomy":"product_brand","embeddable":true,"href":"https:\/\/www.latelierdesmerveilles.be\/index.php?rest_route=%2Fwp%2Fv2%2Fproduct_brand&post=1295"},{"taxonomy":"product_cat","embeddable":true,"href":"https:\/\/www.latelierdesmerveilles.be\/index.php?rest_route=%2Fwp%2Fv2%2Fproduct_cat&post=1295"},{"taxonomy":"product_tag","embeddable":true,"href":"https:\/\/www.latelierdesmerveilles.be\/index.php?rest_route=%2Fwp%2Fv2%2Fproduct_tag&post=1295"}],"curies":[{"name":"wp","href":"https:\/\/api.w.org\/{rel}","templated":true}]}}