{"id":1181,"date":"2025-10-31T22:23:30","date_gmt":"2025-10-31T20:23:30","guid":{"rendered":"https:\/\/www.latelierdesmerveilles.be\/?post_type=product&#038;p=1181"},"modified":"2025-10-31T22:23:30","modified_gmt":"2025-10-31T20:23:30","slug":"body-papa","status":"publish","type":"product","link":"https:\/\/www.latelierdesmerveilles.be\/?product=body-papa","title":{"rendered":"Body Papa"},"content":{"rendered":"<p>D\u00e9couvrez notre body alliant confort et praticit\u00e9 ! Confectionn\u00e9 dans un tissu doux et respirant, il respecte la peau d\u00e9licate de b\u00e9b\u00e9 tout en offrant une grande libert\u00e9 de mouvement. Ses boutons-pression facilitent l\u2019habillage et le change, tandis que sa coupe moderne en fait une pi\u00e8ce incontournable de la garde-robe des tout-petits. Id\u00e9al \u00e0 offrir ou \u00e0 porter chaque jour, ce body allie confort, qualit\u00e9 et style pour accompagner b\u00e9b\u00e9 dans toutes ses aventures.<\/p>\n","protected":false},"excerpt":{"rendered":"<p>Un body doux, confortable et styl\u00e9, parfait pour les tout-petits au quotidien comme pour les grandes occasions.<\/p>\n","protected":false},"featured_media":1173,"comment_status":"open","ping_status":"closed","template":"","meta":[],"product_brand":[],"product_cat":[39,41],"product_tag":[],"class_list":{"0":"post-1181","1":"product","2":"type-product","3":"status-publish","4":"has-post-thumbnail","6":"product_cat-bebes","7":"product_cat-bodys","9":"first","10":"instock","11":"taxable","12":"shipping-taxable","13":"purchasable","14":"product-type-simple"},"_links":{"self":[{"href":"https:\/\/www.latelierdesmerveilles.be\/index.php?rest_route=\/wp\/v2\/product\/1181","targetHints":{"allow":["GET"]}}],"collection":[{"href":"https:\/\/www.latelierdesmerveilles.be\/index.php?rest_route=\/wp\/v2\/product"}],"about":[{"href":"https:\/\/www.latelierdesmerveilles.be\/index.php?rest_route=\/wp\/v2\/types\/product"}],"replies":[{"embeddable":true,"href":"https:\/\/www.latelierdesmerveilles.be\/index.php?rest_route=%2Fwp%2Fv2%2Fcomments&post=1181"}],"wp:featuredmedia":[{"embeddable":true,"href":"https:\/\/www.latelierdesmerveilles.be\/index.php?rest_route=\/wp\/v2\/media\/1173"}],"wp:attachment":[{"href":"https:\/\/www.latelierdesmerveilles.be\/index.php?rest_route=%2Fwp%2Fv2%2Fmedia&parent=1181"}],"wp:term":[{"taxonomy":"product_brand","embeddable":true,"href":"https:\/\/www.latelierdesmerveilles.be\/index.php?rest_route=%2Fwp%2Fv2%2Fproduct_brand&post=1181"},{"taxonomy":"product_cat","embeddable":true,"href":"https:\/\/www.latelierdesmerveilles.be\/index.php?rest_route=%2Fwp%2Fv2%2Fproduct_cat&post=1181"},{"taxonomy":"product_tag","embeddable":true,"href":"https:\/\/www.latelierdesmerveilles.be\/index.php?rest_route=%2Fwp%2Fv2%2Fproduct_tag&post=1181"}],"curies":[{"name":"wp","href":"https:\/\/api.w.org\/{rel}","templated":true}]}}