{"id":1125,"date":"2025-10-31T15:13:09","date_gmt":"2025-10-31T13:13:09","guid":{"rendered":"https:\/\/www.latelierdesmerveilles.be\/?post_type=product&#038;p=1125"},"modified":"2025-10-31T15:13:09","modified_gmt":"2025-10-31T13:13:09","slug":"verre-winnie","status":"publish","type":"product","link":"https:\/\/www.latelierdesmerveilles.be\/?product=verre-winnie","title":{"rendered":"Verre Winnie"},"content":{"rendered":"<p>Plongez dans la douceur de la For\u00eat des R\u00eaves Bleus avec ce superbe verre d\u00e9cor\u00e9 \u00e0 l\u2019effigie de Winnie l\u2019Ourson. Pratique et ludique, il est \u00e9quip\u00e9 d\u2019une paille r\u00e9utilisable pour siroter vos boissons pr\u00e9f\u00e9r\u00e9es tout en ajoutant une touche de magie \u00e0 vos pauses. Id\u00e9al pour les enfants, les go\u00fbters ou simplement pour les amoureux de l\u2019univers Disney, ce verre allie originalit\u00e9 et praticit\u00e9. Un indispensable pour apporter un peu de tendresse et de nostalgie \u00e0 chaque gorg\u00e9e ! \ud83d\udc9b<\/p>\n","protected":false},"excerpt":{"rendered":"<p>Adorable verre avec paille sur le th\u00e8me de Winnie l\u2019Ourson, parfait pour les petits comme les grands fans du c\u00e9l\u00e8bre ourson gourmand ! \ud83c\udf6f<\/p>\n","protected":false},"featured_media":1117,"comment_status":"open","ping_status":"closed","template":"","meta":[],"product_brand":[],"product_cat":[60],"product_tag":[],"class_list":{"0":"post-1125","1":"product","2":"type-product","3":"status-publish","4":"has-post-thumbnail","6":"product_cat-verre-avec-paille","8":"first","9":"instock","10":"taxable","11":"shipping-taxable","12":"purchasable","13":"product-type-simple"},"_links":{"self":[{"href":"https:\/\/www.latelierdesmerveilles.be\/index.php?rest_route=\/wp\/v2\/product\/1125","targetHints":{"allow":["GET"]}}],"collection":[{"href":"https:\/\/www.latelierdesmerveilles.be\/index.php?rest_route=\/wp\/v2\/product"}],"about":[{"href":"https:\/\/www.latelierdesmerveilles.be\/index.php?rest_route=\/wp\/v2\/types\/product"}],"replies":[{"embeddable":true,"href":"https:\/\/www.latelierdesmerveilles.be\/index.php?rest_route=%2Fwp%2Fv2%2Fcomments&post=1125"}],"wp:featuredmedia":[{"embeddable":true,"href":"https:\/\/www.latelierdesmerveilles.be\/index.php?rest_route=\/wp\/v2\/media\/1117"}],"wp:attachment":[{"href":"https:\/\/www.latelierdesmerveilles.be\/index.php?rest_route=%2Fwp%2Fv2%2Fmedia&parent=1125"}],"wp:term":[{"taxonomy":"product_brand","embeddable":true,"href":"https:\/\/www.latelierdesmerveilles.be\/index.php?rest_route=%2Fwp%2Fv2%2Fproduct_brand&post=1125"},{"taxonomy":"product_cat","embeddable":true,"href":"https:\/\/www.latelierdesmerveilles.be\/index.php?rest_route=%2Fwp%2Fv2%2Fproduct_cat&post=1125"},{"taxonomy":"product_tag","embeddable":true,"href":"https:\/\/www.latelierdesmerveilles.be\/index.php?rest_route=%2Fwp%2Fv2%2Fproduct_tag&post=1125"}],"curies":[{"name":"wp","href":"https:\/\/api.w.org\/{rel}","templated":true}]}}