{"id":1124,"date":"2025-10-31T15:11:32","date_gmt":"2025-10-31T13:11:32","guid":{"rendered":"https:\/\/www.latelierdesmerveilles.be\/?post_type=product&#038;p=1124"},"modified":"2025-10-31T15:11:32","modified_gmt":"2025-10-31T13:11:32","slug":"verre-ursula","status":"publish","type":"product","link":"https:\/\/www.latelierdesmerveilles.be\/?product=verre-ursula","title":{"rendered":"Verre Ursula"},"content":{"rendered":"<p>Fais ressortir ton c\u00f4t\u00e9 malicieux avec ce superbe verre \u00e0 paille inspir\u00e9 d\u2019Ursula, la c\u00e9l\u00e8bre sorci\u00e8re des mers de La Petite Sir\u00e8ne. Son design color\u00e9 et d\u00e9taill\u00e9 ravira les fans de Disney qui aiment les m\u00e9chantes iconiques. Pratique et r\u00e9sistant, ce verre est id\u00e9al pour les boissons fra\u00eeches, les smoothies ou les jus, \u00e0 la maison comme en d\u00e9placement. Un accessoire fun et original qui apporte une touche d\u2019oc\u00e9an et de magie \u00e0 chaque gorg\u00e9e !<\/p>\n","protected":false},"excerpt":{"rendered":"<p>Plonge dans l\u2019univers envo\u00fbtant d\u2019Ursula avec ce verre \u00e0 paille au design unique ! Parfait pour siroter tes boissons pr\u00e9f\u00e9r\u00e9es avec style et une touche de magie Disney.<\/p>\n","protected":false},"featured_media":1118,"comment_status":"open","ping_status":"closed","template":"","meta":[],"product_brand":[],"product_cat":[60],"product_tag":[],"class_list":{"0":"post-1124","1":"product","2":"type-product","3":"status-publish","4":"has-post-thumbnail","6":"product_cat-verre-avec-paille","8":"first","9":"instock","10":"taxable","11":"shipping-taxable","12":"purchasable","13":"product-type-simple"},"_links":{"self":[{"href":"https:\/\/www.latelierdesmerveilles.be\/index.php?rest_route=\/wp\/v2\/product\/1124","targetHints":{"allow":["GET"]}}],"collection":[{"href":"https:\/\/www.latelierdesmerveilles.be\/index.php?rest_route=\/wp\/v2\/product"}],"about":[{"href":"https:\/\/www.latelierdesmerveilles.be\/index.php?rest_route=\/wp\/v2\/types\/product"}],"replies":[{"embeddable":true,"href":"https:\/\/www.latelierdesmerveilles.be\/index.php?rest_route=%2Fwp%2Fv2%2Fcomments&post=1124"}],"wp:featuredmedia":[{"embeddable":true,"href":"https:\/\/www.latelierdesmerveilles.be\/index.php?rest_route=\/wp\/v2\/media\/1118"}],"wp:attachment":[{"href":"https:\/\/www.latelierdesmerveilles.be\/index.php?rest_route=%2Fwp%2Fv2%2Fmedia&parent=1124"}],"wp:term":[{"taxonomy":"product_brand","embeddable":true,"href":"https:\/\/www.latelierdesmerveilles.be\/index.php?rest_route=%2Fwp%2Fv2%2Fproduct_brand&post=1124"},{"taxonomy":"product_cat","embeddable":true,"href":"https:\/\/www.latelierdesmerveilles.be\/index.php?rest_route=%2Fwp%2Fv2%2Fproduct_cat&post=1124"},{"taxonomy":"product_tag","embeddable":true,"href":"https:\/\/www.latelierdesmerveilles.be\/index.php?rest_route=%2Fwp%2Fv2%2Fproduct_tag&post=1124"}],"curies":[{"name":"wp","href":"https:\/\/api.w.org\/{rel}","templated":true}]}}