{"id":1123,"date":"2025-10-31T15:09:45","date_gmt":"2025-10-31T13:09:45","guid":{"rendered":"https:\/\/www.latelierdesmerveilles.be\/?post_type=product&#038;p=1123"},"modified":"2025-10-31T15:09:45","modified_gmt":"2025-10-31T13:09:45","slug":"verre-vilains","status":"publish","type":"product","link":"https:\/\/www.latelierdesmerveilles.be\/?product=verre-vilains","title":{"rendered":"Verre Vilains"},"content":{"rendered":"<p>Plonge dans l\u2019univers fascinant des M\u00e9chantes Disney avec ce superbe verre accompagn\u00e9 de sa paille r\u00e9utilisable ! Mal\u00e9fique, Ursula, Cruella\u2026 elles sont toutes l\u00e0 pour apporter une touche de caract\u00e8re \u00e0 tes pauses rafra\u00eechissantes. Fabriqu\u00e9 en plastique r\u00e9sistant et facile \u00e0 nettoyer, ce verre est id\u00e9al pour les enfants comme pour les fans de Disney qui aiment les objets originaux et color\u00e9s. Parfait pour un go\u00fbter, une f\u00eate \u00e0 th\u00e8me ou simplement pour ajouter un peu de magie (et de malice) \u00e0 ton quotidien !<\/p>\n","protected":false},"excerpt":{"rendered":"<p>Verre avec paille sur le th\u00e8me des M\u00e9chantes Disney \u2014 un accessoire fun et ensorcelant pour savourer tes boissons pr\u00e9f\u00e9r\u00e9es avec style !<\/p>\n","protected":false},"featured_media":1120,"comment_status":"open","ping_status":"closed","template":"","meta":[],"product_brand":[],"product_cat":[60],"product_tag":[],"class_list":{"0":"post-1123","1":"product","2":"type-product","3":"status-publish","4":"has-post-thumbnail","6":"product_cat-verre-avec-paille","8":"first","9":"instock","10":"taxable","11":"shipping-taxable","12":"purchasable","13":"product-type-simple"},"_links":{"self":[{"href":"https:\/\/www.latelierdesmerveilles.be\/index.php?rest_route=\/wp\/v2\/product\/1123","targetHints":{"allow":["GET"]}}],"collection":[{"href":"https:\/\/www.latelierdesmerveilles.be\/index.php?rest_route=\/wp\/v2\/product"}],"about":[{"href":"https:\/\/www.latelierdesmerveilles.be\/index.php?rest_route=\/wp\/v2\/types\/product"}],"replies":[{"embeddable":true,"href":"https:\/\/www.latelierdesmerveilles.be\/index.php?rest_route=%2Fwp%2Fv2%2Fcomments&post=1123"}],"wp:featuredmedia":[{"embeddable":true,"href":"https:\/\/www.latelierdesmerveilles.be\/index.php?rest_route=\/wp\/v2\/media\/1120"}],"wp:attachment":[{"href":"https:\/\/www.latelierdesmerveilles.be\/index.php?rest_route=%2Fwp%2Fv2%2Fmedia&parent=1123"}],"wp:term":[{"taxonomy":"product_brand","embeddable":true,"href":"https:\/\/www.latelierdesmerveilles.be\/index.php?rest_route=%2Fwp%2Fv2%2Fproduct_brand&post=1123"},{"taxonomy":"product_cat","embeddable":true,"href":"https:\/\/www.latelierdesmerveilles.be\/index.php?rest_route=%2Fwp%2Fv2%2Fproduct_cat&post=1123"},{"taxonomy":"product_tag","embeddable":true,"href":"https:\/\/www.latelierdesmerveilles.be\/index.php?rest_route=%2Fwp%2Fv2%2Fproduct_tag&post=1123"}],"curies":[{"name":"wp","href":"https:\/\/api.w.org\/{rel}","templated":true}]}}