{"id":1109,"date":"2025-10-31T15:05:05","date_gmt":"2025-10-31T13:05:05","guid":{"rendered":"https:\/\/www.latelierdesmerveilles.be\/?post_type=product&#038;p=1109"},"modified":"2025-10-31T15:05:06","modified_gmt":"2025-10-31T13:05:06","slug":"verre-vaiana","status":"publish","type":"product","link":"https:\/\/www.latelierdesmerveilles.be\/?product=verre-vaiana","title":{"rendered":"Verre Vaiana"},"content":{"rendered":"<p>Plongez dans l\u2019univers ensoleill\u00e9 de Vaiana avec ce magnifique verre r\u00e9utilisable \u00e9quip\u00e9 d\u2019une paille assortie ! Id\u00e9al pour les enfants, ce verre color\u00e9 et solide apporte une touche d\u2019\u00e9vasion \u00e0 chaque boisson. Son design inspir\u00e9 du film invite \u00e0 r\u00eaver d\u2019oc\u00e9ans, de voyages et de d\u00e9couvertes. Parfait pour les go\u00fbters, pique-niques ou f\u00eates d\u2019anniversaire, il allie praticit\u00e9 et magie Disney.<\/p>\n","protected":false},"excerpt":{"rendered":"<p>Verre avec paille sur le th\u00e8me de Vaiana, parfait pour accompagner les aventures des petits explorateurs ! \ud83c\udf3a<\/p>\n","protected":false},"featured_media":1113,"comment_status":"open","ping_status":"closed","template":"","meta":[],"product_brand":[],"product_cat":[60],"product_tag":[],"class_list":{"0":"post-1109","1":"product","2":"type-product","3":"status-publish","4":"has-post-thumbnail","6":"product_cat-verre-avec-paille","8":"first","9":"instock","10":"taxable","11":"shipping-taxable","12":"purchasable","13":"product-type-simple"},"_links":{"self":[{"href":"https:\/\/www.latelierdesmerveilles.be\/index.php?rest_route=\/wp\/v2\/product\/1109","targetHints":{"allow":["GET"]}}],"collection":[{"href":"https:\/\/www.latelierdesmerveilles.be\/index.php?rest_route=\/wp\/v2\/product"}],"about":[{"href":"https:\/\/www.latelierdesmerveilles.be\/index.php?rest_route=\/wp\/v2\/types\/product"}],"replies":[{"embeddable":true,"href":"https:\/\/www.latelierdesmerveilles.be\/index.php?rest_route=%2Fwp%2Fv2%2Fcomments&post=1109"}],"wp:featuredmedia":[{"embeddable":true,"href":"https:\/\/www.latelierdesmerveilles.be\/index.php?rest_route=\/wp\/v2\/media\/1113"}],"wp:attachment":[{"href":"https:\/\/www.latelierdesmerveilles.be\/index.php?rest_route=%2Fwp%2Fv2%2Fmedia&parent=1109"}],"wp:term":[{"taxonomy":"product_brand","embeddable":true,"href":"https:\/\/www.latelierdesmerveilles.be\/index.php?rest_route=%2Fwp%2Fv2%2Fproduct_brand&post=1109"},{"taxonomy":"product_cat","embeddable":true,"href":"https:\/\/www.latelierdesmerveilles.be\/index.php?rest_route=%2Fwp%2Fv2%2Fproduct_cat&post=1109"},{"taxonomy":"product_tag","embeddable":true,"href":"https:\/\/www.latelierdesmerveilles.be\/index.php?rest_route=%2Fwp%2Fv2%2Fproduct_tag&post=1109"}],"curies":[{"name":"wp","href":"https:\/\/api.w.org\/{rel}","templated":true}]}}