{"id":1079,"date":"2025-10-29T23:46:35","date_gmt":"2025-10-29T21:46:35","guid":{"rendered":"https:\/\/www.latelierdesmerveilles.be\/?post_type=product&#038;p=1079"},"modified":"2025-10-29T23:57:46","modified_gmt":"2025-10-29T21:57:46","slug":"cadre-de-noel-lumineux","status":"publish","type":"product","link":"https:\/\/www.latelierdesmerveilles.be\/?product=cadre-de-noel-lumineux","title":{"rendered":"Cadre De No\u00ebl lumineux"},"content":{"rendered":"<p>Ce cadre de No\u00ebl est l\u2019accessoire id\u00e9al pour cr\u00e9er une ambiance festive et chaleureuse chez vous. Avec ses motifs traditionnels et ses couleurs de saison, il transforme n\u2019importe quel mur ou \u00e9tag\u00e8re en un v\u00e9ritable d\u00e9cor de f\u00eate. Que ce soit pour embellir votre salon, votre chambre ou pour offrir un cadeau unique, ce cadre apporte charme et convivialit\u00e9 \u00e0 chaque coin de votre maison. R\u00e9sistant et \u00e9l\u00e9gant, il est con\u00e7u pour \u00eatre appr\u00e9ci\u00e9 pendant de nombreuses saisons de No\u00ebl.<\/p>\n","protected":false},"excerpt":{"rendered":"<p>Apportez la magie des f\u00eates \u00e0 votre int\u00e9rieur avec ce cadre de No\u00ebl d\u00e9coratif, parfait pour illuminer votre maison.<\/p>\n","protected":false},"featured_media":1080,"comment_status":"open","ping_status":"closed","template":"","meta":[],"product_brand":[],"product_cat":[29,30],"product_tag":[],"class_list":{"0":"post-1079","1":"product","2":"type-product","3":"status-publish","4":"has-post-thumbnail","6":"product_cat-cadres","7":"product_cat-noel","9":"first","10":"instock","11":"taxable","12":"shipping-taxable","13":"purchasable","14":"product-type-simple"},"_links":{"self":[{"href":"https:\/\/www.latelierdesmerveilles.be\/index.php?rest_route=\/wp\/v2\/product\/1079","targetHints":{"allow":["GET"]}}],"collection":[{"href":"https:\/\/www.latelierdesmerveilles.be\/index.php?rest_route=\/wp\/v2\/product"}],"about":[{"href":"https:\/\/www.latelierdesmerveilles.be\/index.php?rest_route=\/wp\/v2\/types\/product"}],"replies":[{"embeddable":true,"href":"https:\/\/www.latelierdesmerveilles.be\/index.php?rest_route=%2Fwp%2Fv2%2Fcomments&post=1079"}],"wp:featuredmedia":[{"embeddable":true,"href":"https:\/\/www.latelierdesmerveilles.be\/index.php?rest_route=\/wp\/v2\/media\/1080"}],"wp:attachment":[{"href":"https:\/\/www.latelierdesmerveilles.be\/index.php?rest_route=%2Fwp%2Fv2%2Fmedia&parent=1079"}],"wp:term":[{"taxonomy":"product_brand","embeddable":true,"href":"https:\/\/www.latelierdesmerveilles.be\/index.php?rest_route=%2Fwp%2Fv2%2Fproduct_brand&post=1079"},{"taxonomy":"product_cat","embeddable":true,"href":"https:\/\/www.latelierdesmerveilles.be\/index.php?rest_route=%2Fwp%2Fv2%2Fproduct_cat&post=1079"},{"taxonomy":"product_tag","embeddable":true,"href":"https:\/\/www.latelierdesmerveilles.be\/index.php?rest_route=%2Fwp%2Fv2%2Fproduct_tag&post=1079"}],"curies":[{"name":"wp","href":"https:\/\/api.w.org\/{rel}","templated":true}]}}