{"id":1066,"date":"2025-10-29T23:26:52","date_gmt":"2025-10-29T21:26:52","guid":{"rendered":"https:\/\/www.latelierdesmerveilles.be\/?post_type=product&#038;p=1066"},"modified":"2025-10-29T23:26:52","modified_gmt":"2025-10-29T21:26:52","slug":"pochette-petite-souris","status":"publish","type":"product","link":"https:\/\/www.latelierdesmerveilles.be\/?product=pochette-petite-souris","title":{"rendered":"Pochette Petite Souris"},"content":{"rendered":"<p>Rendez chaque nuit magique avec ce sac sp\u00e9cialement con\u00e7u pour la f\u00e9e des dents et la petite souris ! Pratique et d\u00e9cor\u00e9 de motifs enchanteurs, il permet aux enfants de d\u00e9poser leurs dents en toute s\u00e9curit\u00e9. Ce petit sac f\u00e9erique transforme le rituel de la perte des dents en un moment joyeux et plein d\u2019imagination, tout en cr\u00e9ant des souvenirs pr\u00e9cieux. Parfait pour les petits r\u00eaveurs qui aiment croire en la magie et aux surprises de la nuit.<\/p>\n","protected":false},"excerpt":{"rendered":"<p>Un sac magique pour la f\u00e9e des dents et la petite souris, id\u00e9al pour garder les petites dents en toute s\u00e9curit\u00e9 et ajouter une touche f\u00e9erique aux nuits des enfants.<\/p>\n","protected":false},"featured_media":1068,"comment_status":"open","ping_status":"closed","template":"","meta":[],"product_brand":[],"product_cat":[48],"product_tag":[],"class_list":{"0":"post-1066","1":"product","2":"type-product","3":"status-publish","4":"has-post-thumbnail","6":"product_cat-fee-des-dents-petite-souris","8":"first","9":"instock","10":"taxable","11":"shipping-taxable","12":"purchasable","13":"product-type-simple"},"_links":{"self":[{"href":"https:\/\/www.latelierdesmerveilles.be\/index.php?rest_route=\/wp\/v2\/product\/1066","targetHints":{"allow":["GET"]}}],"collection":[{"href":"https:\/\/www.latelierdesmerveilles.be\/index.php?rest_route=\/wp\/v2\/product"}],"about":[{"href":"https:\/\/www.latelierdesmerveilles.be\/index.php?rest_route=\/wp\/v2\/types\/product"}],"replies":[{"embeddable":true,"href":"https:\/\/www.latelierdesmerveilles.be\/index.php?rest_route=%2Fwp%2Fv2%2Fcomments&post=1066"}],"wp:featuredmedia":[{"embeddable":true,"href":"https:\/\/www.latelierdesmerveilles.be\/index.php?rest_route=\/wp\/v2\/media\/1068"}],"wp:attachment":[{"href":"https:\/\/www.latelierdesmerveilles.be\/index.php?rest_route=%2Fwp%2Fv2%2Fmedia&parent=1066"}],"wp:term":[{"taxonomy":"product_brand","embeddable":true,"href":"https:\/\/www.latelierdesmerveilles.be\/index.php?rest_route=%2Fwp%2Fv2%2Fproduct_brand&post=1066"},{"taxonomy":"product_cat","embeddable":true,"href":"https:\/\/www.latelierdesmerveilles.be\/index.php?rest_route=%2Fwp%2Fv2%2Fproduct_cat&post=1066"},{"taxonomy":"product_tag","embeddable":true,"href":"https:\/\/www.latelierdesmerveilles.be\/index.php?rest_route=%2Fwp%2Fv2%2Fproduct_tag&post=1066"}],"curies":[{"name":"wp","href":"https:\/\/api.w.org\/{rel}","templated":true}]}}