{"id":1036,"date":"2025-10-29T22:53:20","date_gmt":"2025-10-29T20:53:20","guid":{"rendered":"https:\/\/www.latelierdesmerveilles.be\/?post_type=product&#038;p=1036"},"modified":"2025-10-29T22:53:20","modified_gmt":"2025-10-29T20:53:20","slug":"verre-princesses","status":"publish","type":"product","link":"https:\/\/www.latelierdesmerveilles.be\/?product=verre-princesses","title":{"rendered":"Verre Princesses"},"content":{"rendered":"<p>Apportez une touche de f\u00e9\u00e9rie \u00e0 chaque gorg\u00e9e avec ce magnifique verre \u00e0 paille sur le th\u00e8me des princesses. Que ce soit pour un go\u00fbter, un anniversaire ou simplement pour rendre l\u2019heure de la boisson plus magique, ce verre saura \u00e9merveiller petits et grands. Pratique et solide, il est parfait pour toutes vos boissons froides et permet de boire facilement gr\u00e2ce \u00e0 sa paille int\u00e9gr\u00e9e. Offrez \u00e0 vos enfants une exp\u00e9rience royale \u00e0 chaque utilisation !<\/p>\n","protected":false},"excerpt":{"rendered":"<p>Succombez \u00e0 la magie avec ce verre \u00e0 paille d\u00e9cor\u00e9 de vos princesses pr\u00e9f\u00e9r\u00e9es, id\u00e9al pour des boissons f\u00e9eriques au quotidien !<\/p>\n","protected":false},"featured_media":1037,"comment_status":"open","ping_status":"closed","template":"","meta":[],"product_brand":[],"product_cat":[60],"product_tag":[],"class_list":{"0":"post-1036","1":"product","2":"type-product","3":"status-publish","4":"has-post-thumbnail","6":"product_cat-verre-avec-paille","8":"first","9":"instock","10":"taxable","11":"shipping-taxable","12":"purchasable","13":"product-type-simple"},"_links":{"self":[{"href":"https:\/\/www.latelierdesmerveilles.be\/index.php?rest_route=\/wp\/v2\/product\/1036","targetHints":{"allow":["GET"]}}],"collection":[{"href":"https:\/\/www.latelierdesmerveilles.be\/index.php?rest_route=\/wp\/v2\/product"}],"about":[{"href":"https:\/\/www.latelierdesmerveilles.be\/index.php?rest_route=\/wp\/v2\/types\/product"}],"replies":[{"embeddable":true,"href":"https:\/\/www.latelierdesmerveilles.be\/index.php?rest_route=%2Fwp%2Fv2%2Fcomments&post=1036"}],"wp:featuredmedia":[{"embeddable":true,"href":"https:\/\/www.latelierdesmerveilles.be\/index.php?rest_route=\/wp\/v2\/media\/1037"}],"wp:attachment":[{"href":"https:\/\/www.latelierdesmerveilles.be\/index.php?rest_route=%2Fwp%2Fv2%2Fmedia&parent=1036"}],"wp:term":[{"taxonomy":"product_brand","embeddable":true,"href":"https:\/\/www.latelierdesmerveilles.be\/index.php?rest_route=%2Fwp%2Fv2%2Fproduct_brand&post=1036"},{"taxonomy":"product_cat","embeddable":true,"href":"https:\/\/www.latelierdesmerveilles.be\/index.php?rest_route=%2Fwp%2Fv2%2Fproduct_cat&post=1036"},{"taxonomy":"product_tag","embeddable":true,"href":"https:\/\/www.latelierdesmerveilles.be\/index.php?rest_route=%2Fwp%2Fv2%2Fproduct_tag&post=1036"}],"curies":[{"name":"wp","href":"https:\/\/api.w.org\/{rel}","templated":true}]}}