{"id":1032,"date":"2025-10-29T22:51:00","date_gmt":"2025-10-29T20:51:00","guid":{"rendered":"https:\/\/www.latelierdesmerveilles.be\/?post_type=product&#038;p=1032"},"modified":"2025-10-29T22:51:00","modified_gmt":"2025-10-29T20:51:00","slug":"verre-la-reine-des-neiges","status":"publish","type":"product","link":"https:\/\/www.latelierdesmerveilles.be\/?product=verre-la-reine-des-neiges","title":{"rendered":"Verre La Reine Des Neiges"},"content":{"rendered":"<p>Plongez dans l\u2019univers f\u00e9erique de La Reine des Neiges avec ce magnifique verre avec paille ! Parfait pour les enfants comme pour les adultes fans du royaume d\u2019Arendelle, il allie praticit\u00e9 et style. Sa paille r\u00e9utilisable rend chaque boisson plus amusante, tandis que ses illustrations color\u00e9es d\u2019Elsa, Anna et Olaf apportent une touche de magie \u00e0 vos repas ou go\u00fbters. Id\u00e9al pour les f\u00eates d\u2019anniversaire, les go\u00fbters \u00e0 th\u00e8me ou simplement pour ajouter un peu de f\u00e9\u00e9rie au quotidien, ce verre devient vite un incontournable pour tous les amoureux de l\u2019univers Disney.<\/p>\n","protected":false},"excerpt":{"rendered":"<p>Apportez la magie d\u2019Arendelle \u00e0 chaque gorg\u00e9e ! Ce verre avec paille, d\u00e9cor\u00e9 sur le th\u00e8me de La Reine des Neiges, ravira petits et grands fans d\u2019Elsa et Anna.<\/p>\n","protected":false},"featured_media":1033,"comment_status":"open","ping_status":"closed","template":"","meta":[],"product_brand":[],"product_cat":[60],"product_tag":[],"class_list":{"0":"post-1032","1":"product","2":"type-product","3":"status-publish","4":"has-post-thumbnail","6":"product_cat-verre-avec-paille","8":"first","9":"instock","10":"taxable","11":"shipping-taxable","12":"purchasable","13":"product-type-simple"},"_links":{"self":[{"href":"https:\/\/www.latelierdesmerveilles.be\/index.php?rest_route=\/wp\/v2\/product\/1032","targetHints":{"allow":["GET"]}}],"collection":[{"href":"https:\/\/www.latelierdesmerveilles.be\/index.php?rest_route=\/wp\/v2\/product"}],"about":[{"href":"https:\/\/www.latelierdesmerveilles.be\/index.php?rest_route=\/wp\/v2\/types\/product"}],"replies":[{"embeddable":true,"href":"https:\/\/www.latelierdesmerveilles.be\/index.php?rest_route=%2Fwp%2Fv2%2Fcomments&post=1032"}],"wp:featuredmedia":[{"embeddable":true,"href":"https:\/\/www.latelierdesmerveilles.be\/index.php?rest_route=\/wp\/v2\/media\/1033"}],"wp:attachment":[{"href":"https:\/\/www.latelierdesmerveilles.be\/index.php?rest_route=%2Fwp%2Fv2%2Fmedia&parent=1032"}],"wp:term":[{"taxonomy":"product_brand","embeddable":true,"href":"https:\/\/www.latelierdesmerveilles.be\/index.php?rest_route=%2Fwp%2Fv2%2Fproduct_brand&post=1032"},{"taxonomy":"product_cat","embeddable":true,"href":"https:\/\/www.latelierdesmerveilles.be\/index.php?rest_route=%2Fwp%2Fv2%2Fproduct_cat&post=1032"},{"taxonomy":"product_tag","embeddable":true,"href":"https:\/\/www.latelierdesmerveilles.be\/index.php?rest_route=%2Fwp%2Fv2%2Fproduct_tag&post=1032"}],"curies":[{"name":"wp","href":"https:\/\/api.w.org\/{rel}","templated":true}]}}