{"id":1028,"date":"2025-10-29T22:48:48","date_gmt":"2025-10-29T20:48:48","guid":{"rendered":"https:\/\/www.latelierdesmerveilles.be\/?post_type=product&#038;p=1028"},"modified":"2025-10-29T22:48:48","modified_gmt":"2025-10-29T20:48:48","slug":"verre-scooby-doo","status":"publish","type":"product","link":"https:\/\/www.latelierdesmerveilles.be\/?product=verre-scooby-doo","title":{"rendered":"Verre Scooby-Doo"},"content":{"rendered":"<p>Amenez la magie et l\u2019humour de Scooby-Doo \u00e0 votre table avec ce verre unique d\u00e9cor\u00e9 des personnages embl\u00e9matiques de la c\u00e9l\u00e8bre s\u00e9rie. Livr\u00e9 avec une paille assortie, il est id\u00e9al pour d\u00e9guster vos jus, smoothies ou boissons froides tout en profitant de l\u2019univers d\u00e9jant\u00e9 de Scooby et sa bande. Un indispensable pour les fans, enfants et adultes, qui apporte une touche ludique \u00e0 vos pauses boissons et vos moments conviviaux.<\/p>\n","protected":false},"excerpt":{"rendered":"<p>Plongez dans l\u2019aventure avec ce verre Scooby-Doo, accompagn\u00e9 de sa paille color\u00e9e. Parfait pour savourer vos boissons pr\u00e9f\u00e9r\u00e9es avec style !<\/p>\n","protected":false},"featured_media":1029,"comment_status":"open","ping_status":"closed","template":"","meta":[],"product_brand":[],"product_cat":[60],"product_tag":[],"class_list":{"0":"post-1028","1":"product","2":"type-product","3":"status-publish","4":"has-post-thumbnail","6":"product_cat-verre-avec-paille","8":"first","9":"instock","10":"taxable","11":"shipping-taxable","12":"purchasable","13":"product-type-simple"},"_links":{"self":[{"href":"https:\/\/www.latelierdesmerveilles.be\/index.php?rest_route=\/wp\/v2\/product\/1028","targetHints":{"allow":["GET"]}}],"collection":[{"href":"https:\/\/www.latelierdesmerveilles.be\/index.php?rest_route=\/wp\/v2\/product"}],"about":[{"href":"https:\/\/www.latelierdesmerveilles.be\/index.php?rest_route=\/wp\/v2\/types\/product"}],"replies":[{"embeddable":true,"href":"https:\/\/www.latelierdesmerveilles.be\/index.php?rest_route=%2Fwp%2Fv2%2Fcomments&post=1028"}],"wp:featuredmedia":[{"embeddable":true,"href":"https:\/\/www.latelierdesmerveilles.be\/index.php?rest_route=\/wp\/v2\/media\/1029"}],"wp:attachment":[{"href":"https:\/\/www.latelierdesmerveilles.be\/index.php?rest_route=%2Fwp%2Fv2%2Fmedia&parent=1028"}],"wp:term":[{"taxonomy":"product_brand","embeddable":true,"href":"https:\/\/www.latelierdesmerveilles.be\/index.php?rest_route=%2Fwp%2Fv2%2Fproduct_brand&post=1028"},{"taxonomy":"product_cat","embeddable":true,"href":"https:\/\/www.latelierdesmerveilles.be\/index.php?rest_route=%2Fwp%2Fv2%2Fproduct_cat&post=1028"},{"taxonomy":"product_tag","embeddable":true,"href":"https:\/\/www.latelierdesmerveilles.be\/index.php?rest_route=%2Fwp%2Fv2%2Fproduct_tag&post=1028"}],"curies":[{"name":"wp","href":"https:\/\/api.w.org\/{rel}","templated":true}]}}