{"id":1021,"date":"2025-10-29T22:43:45","date_gmt":"2025-10-29T20:43:45","guid":{"rendered":"https:\/\/www.latelierdesmerveilles.be\/?post_type=product&#038;p=1021"},"modified":"2025-10-29T22:43:45","modified_gmt":"2025-10-29T20:43:45","slug":"verre-winnie-lourson","status":"publish","type":"product","link":"https:\/\/www.latelierdesmerveilles.be\/?product=verre-winnie-lourson","title":{"rendered":"Verre Winnie l&rsquo;ourson"},"content":{"rendered":"<p>Plonge dans l\u2019univers tendre et joyeux de Winnie l\u2019Ourson avec ce joli verre muni de sa paille assortie. Id\u00e9al pour les petits comme pour les grands, il apporte une note de fantaisie \u00e0 tes pauses gourmandes. Solide et r\u00e9utilisable, il est parfait pour les jus, les milkshakes ou les boissons fra\u00eeches. Son design inspir\u00e9 du c\u00e9l\u00e8bre ourson pr\u00e9f\u00e9r\u00e9 des enfants fera fondre tous les fans de douceur et de nostalgie. Un indispensable pour des moments pleins de bonne humeur !<\/p>\n","protected":false},"excerpt":{"rendered":"<p>Adorable verre avec paille sur le th\u00e8me de Winnie l\u2019Ourson, parfait pour apporter une touche de douceur et de bonne humeur \u00e0 chaque boisson !<\/p>\n","protected":false},"featured_media":1022,"comment_status":"open","ping_status":"closed","template":"","meta":[],"product_brand":[],"product_cat":[60],"product_tag":[],"class_list":{"0":"post-1021","1":"product","2":"type-product","3":"status-publish","4":"has-post-thumbnail","6":"product_cat-verre-avec-paille","8":"first","9":"instock","10":"taxable","11":"shipping-taxable","12":"purchasable","13":"product-type-simple"},"_links":{"self":[{"href":"https:\/\/www.latelierdesmerveilles.be\/index.php?rest_route=\/wp\/v2\/product\/1021","targetHints":{"allow":["GET"]}}],"collection":[{"href":"https:\/\/www.latelierdesmerveilles.be\/index.php?rest_route=\/wp\/v2\/product"}],"about":[{"href":"https:\/\/www.latelierdesmerveilles.be\/index.php?rest_route=\/wp\/v2\/types\/product"}],"replies":[{"embeddable":true,"href":"https:\/\/www.latelierdesmerveilles.be\/index.php?rest_route=%2Fwp%2Fv2%2Fcomments&post=1021"}],"wp:featuredmedia":[{"embeddable":true,"href":"https:\/\/www.latelierdesmerveilles.be\/index.php?rest_route=\/wp\/v2\/media\/1022"}],"wp:attachment":[{"href":"https:\/\/www.latelierdesmerveilles.be\/index.php?rest_route=%2Fwp%2Fv2%2Fmedia&parent=1021"}],"wp:term":[{"taxonomy":"product_brand","embeddable":true,"href":"https:\/\/www.latelierdesmerveilles.be\/index.php?rest_route=%2Fwp%2Fv2%2Fproduct_brand&post=1021"},{"taxonomy":"product_cat","embeddable":true,"href":"https:\/\/www.latelierdesmerveilles.be\/index.php?rest_route=%2Fwp%2Fv2%2Fproduct_cat&post=1021"},{"taxonomy":"product_tag","embeddable":true,"href":"https:\/\/www.latelierdesmerveilles.be\/index.php?rest_route=%2Fwp%2Fv2%2Fproduct_tag&post=1021"}],"curies":[{"name":"wp","href":"https:\/\/api.w.org\/{rel}","templated":true}]}}