{"id":1016,"date":"2025-10-29T22:40:00","date_gmt":"2025-10-29T20:40:00","guid":{"rendered":"https:\/\/www.latelierdesmerveilles.be\/?post_type=product&#038;p=1016"},"modified":"2025-10-29T22:41:28","modified_gmt":"2025-10-29T20:41:28","slug":"verre-mercredi","status":"publish","type":"product","link":"https:\/\/www.latelierdesmerveilles.be\/?product=verre-mercredi","title":{"rendered":"Verre Mercredi"},"content":{"rendered":"<p>Apporte une touche d\u2019originalit\u00e9 et de myst\u00e8re \u00e0 tes pauses gourmandes avec ce verre avec paille inspir\u00e9 de Mercredi Addams. Son design sombre et \u00e9l\u00e9gant \u00e9voque parfaitement l\u2019univers embl\u00e9matique de la c\u00e9l\u00e8bre h\u00e9ro\u00efne : entre humour noir et charme gothique. Id\u00e9al pour les fans de la s\u00e9rie ou les amateurs d\u2019ambiances un peu d\u00e9cal\u00e9es, ce verre deviendra vite ton accessoire favori pour d\u00e9guster smoothies, jus ou milkshakes.<br \/>\nPratique, r\u00e9utilisable et styl\u00e9, il allie fantaisie et fonctionnalit\u00e9 pour toutes les occasions !<\/p>\n","protected":false},"excerpt":{"rendered":"<p>Verre avec paille sur le th\u00e8me de Mercredi Addams, parfait pour siroter ta boisson pr\u00e9f\u00e9r\u00e9e avec une touche myst\u00e9rieuse et gothique !<\/p>\n","protected":false},"featured_media":1017,"comment_status":"open","ping_status":"closed","template":"","meta":[],"product_brand":[],"product_cat":[60],"product_tag":[],"class_list":{"0":"post-1016","1":"product","2":"type-product","3":"status-publish","4":"has-post-thumbnail","6":"product_cat-verre-avec-paille","8":"first","9":"instock","10":"taxable","11":"shipping-taxable","12":"purchasable","13":"product-type-simple"},"_links":{"self":[{"href":"https:\/\/www.latelierdesmerveilles.be\/index.php?rest_route=\/wp\/v2\/product\/1016","targetHints":{"allow":["GET"]}}],"collection":[{"href":"https:\/\/www.latelierdesmerveilles.be\/index.php?rest_route=\/wp\/v2\/product"}],"about":[{"href":"https:\/\/www.latelierdesmerveilles.be\/index.php?rest_route=\/wp\/v2\/types\/product"}],"replies":[{"embeddable":true,"href":"https:\/\/www.latelierdesmerveilles.be\/index.php?rest_route=%2Fwp%2Fv2%2Fcomments&post=1016"}],"wp:featuredmedia":[{"embeddable":true,"href":"https:\/\/www.latelierdesmerveilles.be\/index.php?rest_route=\/wp\/v2\/media\/1017"}],"wp:attachment":[{"href":"https:\/\/www.latelierdesmerveilles.be\/index.php?rest_route=%2Fwp%2Fv2%2Fmedia&parent=1016"}],"wp:term":[{"taxonomy":"product_brand","embeddable":true,"href":"https:\/\/www.latelierdesmerveilles.be\/index.php?rest_route=%2Fwp%2Fv2%2Fproduct_brand&post=1016"},{"taxonomy":"product_cat","embeddable":true,"href":"https:\/\/www.latelierdesmerveilles.be\/index.php?rest_route=%2Fwp%2Fv2%2Fproduct_cat&post=1016"},{"taxonomy":"product_tag","embeddable":true,"href":"https:\/\/www.latelierdesmerveilles.be\/index.php?rest_route=%2Fwp%2Fv2%2Fproduct_tag&post=1016"}],"curies":[{"name":"wp","href":"https:\/\/api.w.org\/{rel}","templated":true}]}}