{"id":1013,"date":"2025-10-29T22:37:18","date_gmt":"2025-10-29T20:37:18","guid":{"rendered":"https:\/\/www.latelierdesmerveilles.be\/?post_type=product&#038;p=1013"},"modified":"2025-10-29T22:37:18","modified_gmt":"2025-10-29T20:37:18","slug":"verre-de-noel-flocons-de-neige","status":"publish","type":"product","link":"https:\/\/www.latelierdesmerveilles.be\/?product=verre-de-noel-flocons-de-neige","title":{"rendered":"Verre De No\u00ebl Flocons De Neige"},"content":{"rendered":"<p>Ce superbe verre avec paille sur le th\u00e8me de No\u00ebl est orn\u00e9 de d\u00e9licats flocons de neige, rappelant la beaut\u00e9 et la l\u00e9g\u00e8ret\u00e9 de l\u2019hiver. Parfait pour un chocolat chaud, un jus festif ou une boisson rafra\u00eechissante, il ajoute une touche f\u00e9\u00e9rique \u00e0 chaque pause gourmande. R\u00e9utilisable, pratique et plein de charme, ce verre deviendra vite ton compagnon pr\u00e9f\u00e9r\u00e9 pendant les f\u00eates. Un indispensable pour compl\u00e9ter ta d\u00e9coration et vivre pleinement la magie de No\u00ebl !<\/p>\n","protected":false},"excerpt":{"rendered":"<p>Plonge dans la magie de l\u2019hiver avec ce verre \u00e0 paille d\u00e9cor\u00e9 de jolis flocons de neige \u2014 id\u00e9al pour savourer tes boissons de saison avec style et douceur \u2744\ufe0f<\/p>\n","protected":false},"featured_media":1014,"comment_status":"open","ping_status":"closed","template":"","meta":[],"product_brand":[],"product_cat":[60],"product_tag":[],"class_list":{"0":"post-1013","1":"product","2":"type-product","3":"status-publish","4":"has-post-thumbnail","6":"product_cat-verre-avec-paille","8":"first","9":"instock","10":"taxable","11":"shipping-taxable","12":"purchasable","13":"product-type-simple"},"_links":{"self":[{"href":"https:\/\/www.latelierdesmerveilles.be\/index.php?rest_route=\/wp\/v2\/product\/1013","targetHints":{"allow":["GET"]}}],"collection":[{"href":"https:\/\/www.latelierdesmerveilles.be\/index.php?rest_route=\/wp\/v2\/product"}],"about":[{"href":"https:\/\/www.latelierdesmerveilles.be\/index.php?rest_route=\/wp\/v2\/types\/product"}],"replies":[{"embeddable":true,"href":"https:\/\/www.latelierdesmerveilles.be\/index.php?rest_route=%2Fwp%2Fv2%2Fcomments&post=1013"}],"wp:featuredmedia":[{"embeddable":true,"href":"https:\/\/www.latelierdesmerveilles.be\/index.php?rest_route=\/wp\/v2\/media\/1014"}],"wp:attachment":[{"href":"https:\/\/www.latelierdesmerveilles.be\/index.php?rest_route=%2Fwp%2Fv2%2Fmedia&parent=1013"}],"wp:term":[{"taxonomy":"product_brand","embeddable":true,"href":"https:\/\/www.latelierdesmerveilles.be\/index.php?rest_route=%2Fwp%2Fv2%2Fproduct_brand&post=1013"},{"taxonomy":"product_cat","embeddable":true,"href":"https:\/\/www.latelierdesmerveilles.be\/index.php?rest_route=%2Fwp%2Fv2%2Fproduct_cat&post=1013"},{"taxonomy":"product_tag","embeddable":true,"href":"https:\/\/www.latelierdesmerveilles.be\/index.php?rest_route=%2Fwp%2Fv2%2Fproduct_tag&post=1013"}],"curies":[{"name":"wp","href":"https:\/\/api.w.org\/{rel}","templated":true}]}}