{"id":1009,"date":"2025-10-29T22:30:58","date_gmt":"2025-10-29T20:30:58","guid":{"rendered":"https:\/\/www.latelierdesmerveilles.be\/?post_type=product&#038;p=1009"},"modified":"2025-10-29T22:30:58","modified_gmt":"2025-10-29T20:30:58","slug":"verre-de-noel-bonhomme-de-neige","status":"publish","type":"product","link":"https:\/\/www.latelierdesmerveilles.be\/?product=verre-de-noel-bonhomme-de-neige","title":{"rendered":"Verre De No\u00ebl Bonhomme De Neige"},"content":{"rendered":"<p>Ce verre avec paille sur le th\u00e8me du bonhomme de neige est l\u2019accessoire id\u00e9al pour savourer vos boissons pendant les f\u00eates. Son design festif et hivernal apporte une touche de magie \u00e0 chaque gorg\u00e9e. Fabriqu\u00e9 avec soin, il allie praticit\u00e9 et charme : r\u00e9utilisable, facile \u00e0 nettoyer et parfait pour le chocolat chaud, les jus ou les milkshakes de No\u00ebl.<br \/>\nUn incontournable pour illuminer vos tables de f\u00eate ou offrir un cadeau plein de douceur et d\u2019esprit de No\u00ebl.<\/p>\n","protected":false},"excerpt":{"rendered":"<p>Apportez la magie de No\u00ebl \u00e0 vos boissons avec ce joli verre et sa paille, d\u00e9cor\u00e9 d\u2019un adorable bonhomme de neige ! Parfait pour petits et grands.<\/p>\n","protected":false},"featured_media":1010,"comment_status":"open","ping_status":"closed","template":"","meta":[],"product_brand":[],"product_cat":[60],"product_tag":[],"class_list":{"0":"post-1009","1":"product","2":"type-product","3":"status-publish","4":"has-post-thumbnail","6":"product_cat-verre-avec-paille","8":"first","9":"instock","10":"taxable","11":"shipping-taxable","12":"purchasable","13":"product-type-simple"},"_links":{"self":[{"href":"https:\/\/www.latelierdesmerveilles.be\/index.php?rest_route=\/wp\/v2\/product\/1009","targetHints":{"allow":["GET"]}}],"collection":[{"href":"https:\/\/www.latelierdesmerveilles.be\/index.php?rest_route=\/wp\/v2\/product"}],"about":[{"href":"https:\/\/www.latelierdesmerveilles.be\/index.php?rest_route=\/wp\/v2\/types\/product"}],"replies":[{"embeddable":true,"href":"https:\/\/www.latelierdesmerveilles.be\/index.php?rest_route=%2Fwp%2Fv2%2Fcomments&post=1009"}],"wp:featuredmedia":[{"embeddable":true,"href":"https:\/\/www.latelierdesmerveilles.be\/index.php?rest_route=\/wp\/v2\/media\/1010"}],"wp:attachment":[{"href":"https:\/\/www.latelierdesmerveilles.be\/index.php?rest_route=%2Fwp%2Fv2%2Fmedia&parent=1009"}],"wp:term":[{"taxonomy":"product_brand","embeddable":true,"href":"https:\/\/www.latelierdesmerveilles.be\/index.php?rest_route=%2Fwp%2Fv2%2Fproduct_brand&post=1009"},{"taxonomy":"product_cat","embeddable":true,"href":"https:\/\/www.latelierdesmerveilles.be\/index.php?rest_route=%2Fwp%2Fv2%2Fproduct_cat&post=1009"},{"taxonomy":"product_tag","embeddable":true,"href":"https:\/\/www.latelierdesmerveilles.be\/index.php?rest_route=%2Fwp%2Fv2%2Fproduct_tag&post=1009"}],"curies":[{"name":"wp","href":"https:\/\/api.w.org\/{rel}","templated":true}]}}