{"id":1003,"date":"2025-10-29T22:26:02","date_gmt":"2025-10-29T20:26:02","guid":{"rendered":"https:\/\/www.latelierdesmerveilles.be\/?post_type=product&#038;p=1003"},"modified":"2025-10-29T22:26:02","modified_gmt":"2025-10-29T20:26:02","slug":"verre-monstres-et-cie","status":"publish","type":"product","link":"https:\/\/www.latelierdesmerveilles.be\/?product=verre-monstres-et-cie","title":{"rendered":"Verre Monstres et Cie"},"content":{"rendered":"<p>Ajoute une dose de bonne humeur \u00e0 tes pauses gourmandes avec ce superbe verre Monstres &#038; Cie ! Illustr\u00e9 avec les c\u00e9l\u00e8bres personnages du film, il ravira les petits comme les grands amateurs de l\u2019univers Pixar. Son design color\u00e9 et sa paille pratique en font un compagnon id\u00e9al pour les jus, smoothies ou chocolats froids.<br \/>\nQue ce soit \u00e0 la maison, \u00e0 l\u2019\u00e9cole ou lors d\u2019une f\u00eate, ce verre r\u00e9utilisable transforme chaque gorg\u00e9e en moment de joie monstrueuse !<\/p>\n","protected":false},"excerpt":{"rendered":"<p>Plonge dans l\u2019univers magique de Monstres &#038; Cie avec ce verre adorable muni de sa paille ! Parfait pour les enfants comme pour les fans du film, il apporte une touche de fun \u00e0 chaque boisson.<\/p>\n","protected":false},"featured_media":1004,"comment_status":"open","ping_status":"closed","template":"","meta":[],"product_brand":[],"product_cat":[60],"product_tag":[],"class_list":{"0":"post-1003","1":"product","2":"type-product","3":"status-publish","4":"has-post-thumbnail","6":"product_cat-verre-avec-paille","8":"first","9":"instock","10":"taxable","11":"shipping-taxable","12":"purchasable","13":"product-type-simple"},"_links":{"self":[{"href":"https:\/\/www.latelierdesmerveilles.be\/index.php?rest_route=\/wp\/v2\/product\/1003","targetHints":{"allow":["GET"]}}],"collection":[{"href":"https:\/\/www.latelierdesmerveilles.be\/index.php?rest_route=\/wp\/v2\/product"}],"about":[{"href":"https:\/\/www.latelierdesmerveilles.be\/index.php?rest_route=\/wp\/v2\/types\/product"}],"replies":[{"embeddable":true,"href":"https:\/\/www.latelierdesmerveilles.be\/index.php?rest_route=%2Fwp%2Fv2%2Fcomments&post=1003"}],"wp:featuredmedia":[{"embeddable":true,"href":"https:\/\/www.latelierdesmerveilles.be\/index.php?rest_route=\/wp\/v2\/media\/1004"}],"wp:attachment":[{"href":"https:\/\/www.latelierdesmerveilles.be\/index.php?rest_route=%2Fwp%2Fv2%2Fmedia&parent=1003"}],"wp:term":[{"taxonomy":"product_brand","embeddable":true,"href":"https:\/\/www.latelierdesmerveilles.be\/index.php?rest_route=%2Fwp%2Fv2%2Fproduct_brand&post=1003"},{"taxonomy":"product_cat","embeddable":true,"href":"https:\/\/www.latelierdesmerveilles.be\/index.php?rest_route=%2Fwp%2Fv2%2Fproduct_cat&post=1003"},{"taxonomy":"product_tag","embeddable":true,"href":"https:\/\/www.latelierdesmerveilles.be\/index.php?rest_route=%2Fwp%2Fv2%2Fproduct_tag&post=1003"}],"curies":[{"name":"wp","href":"https:\/\/api.w.org\/{rel}","templated":true}]}}